{"id":94,"date":"2012-09-27T22:11:54","date_gmt":"2012-09-27T20:11:54","guid":{"rendered":"http:\/\/www.hobbyseiten.at\/singkreisthal\/?page_id=94"},"modified":"2024-03-15T21:35:32","modified_gmt":"2024-03-15T20:35:32","slug":"schatz-oktett","status":"publish","type":"page","link":"https:\/\/singkreisthal.hobbyseiten.at\/home\/schatz-oktett\/","title":{"rendered":"Schatz-Oktett"},"content":{"rendered":"<p>Am 24. Juni 2012 sangen 8 S\u00e4ngerInnen unter Christa Schatz in der Pfarrkirche G\u00f6sting bei einer Messe f\u00fcr Ehejubilare 6 ganz ber\u00fchrende Lieder. (Schade, dass es keine Tonaufnahme von den Liedern gibt.)<\/p>\n<p style=\"text-align: center;\"><a href=\"http:\/\/www.hobbyseiten.at\/singkreisthal\/wp-content\/uploads\/20120624-Goesting21.jpg\"><img loading=\"lazy\" decoding=\"async\" class=\"alignnone size-full wp-image-737\" title=\"20120624-Goesting2\" src=\"http:\/\/www.hobbyseiten.at\/singkreisthal\/wp-content\/uploads\/20120624-Goesting21.jpg\" alt=\"\" width=\"1000\" height=\"666\" srcset=\"https:\/\/singkreisthal.hobbyseiten.at\/wp-content\/uploads\/20120624-Goesting21.jpg 1000w, https:\/\/singkreisthal.hobbyseiten.at\/wp-content\/uploads\/20120624-Goesting21-300x199.jpg 300w\" sizes=\"auto, (max-width: 1000px) 100vw, 1000px\" \/><\/a><\/p>\n","protected":false},"excerpt":{"rendered":"<p>Am 24. Juni 2012 sangen 8 S\u00e4ngerInnen unter Christa Schatz in der Pfarrkirche G\u00f6sting bei einer Messe f\u00fcr Ehejubilare 6 ganz ber\u00fchrende Lieder. (Schade, dass es keine Tonaufnahme von den Liedern gibt.)<\/p>\n","protected":false},"author":11,"featured_media":0,"parent":0,"menu_order":0,"comment_status":"closed","ping_status":"closed","template":"","meta":{"footnotes":""},"class_list":["post-94","page","type-page","status-publish","hentry"],"_links":{"self":[{"href":"https:\/\/singkreisthal.hobbyseiten.at\/home\/wp-json\/wp\/v2\/pages\/94","targetHints":{"allow":["GET"]}}],"collection":[{"href":"https:\/\/singkreisthal.hobbyseiten.at\/home\/wp-json\/wp\/v2\/pages"}],"about":[{"href":"https:\/\/singkreisthal.hobbyseiten.at\/home\/wp-json\/wp\/v2\/types\/page"}],"author":[{"embeddable":true,"href":"https:\/\/singkreisthal.hobbyseiten.at\/home\/wp-json\/wp\/v2\/users\/11"}],"replies":[{"embeddable":true,"href":"https:\/\/singkreisthal.hobbyseiten.at\/home\/wp-json\/wp\/v2\/comments?post=94"}],"version-history":[{"count":7,"href":"https:\/\/singkreisthal.hobbyseiten.at\/home\/wp-json\/wp\/v2\/pages\/94\/revisions"}],"predecessor-version":[{"id":3119,"href":"https:\/\/singkreisthal.hobbyseiten.at\/home\/wp-json\/wp\/v2\/pages\/94\/revisions\/3119"}],"wp:attachment":[{"href":"https:\/\/singkreisthal.hobbyseiten.at\/home\/wp-json\/wp\/v2\/media?parent=94"}],"curies":[{"name":"wp","href":"https:\/\/api.w.org\/{rel}","templated":true}]}}