{"id":92,"date":"2012-09-27T22:11:12","date_gmt":"2012-09-27T20:11:12","guid":{"rendered":"http:\/\/www.hobbyseiten.at\/singkreisthal\/?page_id=92"},"modified":"2024-04-02T12:31:55","modified_gmt":"2024-04-02T11:31:55","slug":"presse","status":"publish","type":"page","link":"https:\/\/singkreisthal.hobbyseiten.at\/home\/presse\/","title":{"rendered":"Presse"},"content":{"rendered":"<p>Ab und zu wird \u00fcber unseren Singkreis auch etwas in verschiedenen Printmedien abgedruckt. Auch auf die Gefahr hin, dass sich Einiges mit dem Inhalt auf unserer Homepage deckt, stellen wir die Texte hier zum Abruf ein.<\/p>\n<p>In den Thaler <a href=\"https:\/\/thal.gv.at\/kundmachung-amtstafel\/gemeinde-zeitung-nr-30-maerz-2024\/\">Gemeindenachrichten vom M\u00e4rz 2024<\/a> fand sich auch ein Bericht \u00fcber den Singkreis:<\/p>\n<p><a href=\"https:\/\/singkreisthal.hobbyseiten.at\/wp-content\/uploads\/Seiten-aus-zeitung-nr.30.jpg\"><img loading=\"lazy\" decoding=\"async\" class=\"aligncenter size-full wp-image-6201\" src=\"https:\/\/singkreisthal.hobbyseiten.at\/wp-content\/uploads\/Seiten-aus-zeitung-nr.30.jpg\" alt=\"\" width=\"1191\" height=\"1684\" srcset=\"https:\/\/singkreisthal.hobbyseiten.at\/wp-content\/uploads\/Seiten-aus-zeitung-nr.30.jpg 1191w, https:\/\/singkreisthal.hobbyseiten.at\/wp-content\/uploads\/Seiten-aus-zeitung-nr.30-212x300.jpg 212w, https:\/\/singkreisthal.hobbyseiten.at\/wp-content\/uploads\/Seiten-aus-zeitung-nr.30-724x1024.jpg 724w, https:\/\/singkreisthal.hobbyseiten.at\/wp-content\/uploads\/Seiten-aus-zeitung-nr.30-106x150.jpg 106w, https:\/\/singkreisthal.hobbyseiten.at\/wp-content\/uploads\/Seiten-aus-zeitung-nr.30-768x1086.jpg 768w, https:\/\/singkreisthal.hobbyseiten.at\/wp-content\/uploads\/Seiten-aus-zeitung-nr.30-1086x1536.jpg 1086w\" sizes=\"auto, (max-width: 1191px) 100vw, 1191px\" \/><\/a><\/p>\n<p>Wir haben am 21. September 2013 in Graz anl\u00e4sslich der Wiederer\u00f6ffnung der Annenstra\u00dfe gesungen. Die &#8222;Kleine Zeitung&#8220; berichtete am 22. 09.2013 dann kurz dar\u00fcber:<\/p>\n<p><a href=\"https:\/\/singkreisthal.hobbyseiten.at\/wp-content\/uploads\/Annenstra\u00dfe-Er\u00f6ffnung-1.jpg\"><img loading=\"lazy\" decoding=\"async\" class=\"aligncenter size-full wp-image-3807\" src=\"https:\/\/singkreisthal.hobbyseiten.at\/wp-content\/uploads\/Annenstra\u00dfe-Er\u00f6ffnung-1.jpg\" alt=\"Annenstra\u00dfe Er\u00f6ffnung 1\" width=\"610\" height=\"410\" srcset=\"https:\/\/singkreisthal.hobbyseiten.at\/wp-content\/uploads\/Annenstra\u00dfe-Er\u00f6ffnung-1.jpg 610w, https:\/\/singkreisthal.hobbyseiten.at\/wp-content\/uploads\/Annenstra\u00dfe-Er\u00f6ffnung-1-150x100.jpg 150w, https:\/\/singkreisthal.hobbyseiten.at\/wp-content\/uploads\/Annenstra\u00dfe-Er\u00f6ffnung-1-300x201.jpg 300w\" sizes=\"auto, (max-width: 610px) 100vw, 610px\" \/><\/a><a href=\"https:\/\/singkreisthal.hobbyseiten.at\/wp-content\/uploads\/Er\u00f6ffnung-Annenstra\u00dfe.jpg\"><img loading=\"lazy\" decoding=\"async\" class=\"aligncenter size-full wp-image-3808\" src=\"https:\/\/singkreisthal.hobbyseiten.at\/wp-content\/uploads\/Er\u00f6ffnung-Annenstra\u00dfe.jpg\" alt=\"Er\u00f6ffnung Annenstra\u00dfe\" width=\"543\" height=\"570\" srcset=\"https:\/\/singkreisthal.hobbyseiten.at\/wp-content\/uploads\/Er\u00f6ffnung-Annenstra\u00dfe.jpg 543w, https:\/\/singkreisthal.hobbyseiten.at\/wp-content\/uploads\/Er\u00f6ffnung-Annenstra\u00dfe-142x150.jpg 142w, https:\/\/singkreisthal.hobbyseiten.at\/wp-content\/uploads\/Er\u00f6ffnung-Annenstra\u00dfe-285x300.jpg 285w\" sizes=\"auto, (max-width: 543px) 100vw, 543px\" \/><\/a>xxxxxxxxxxxxxxxxxxxxxxxxxxxxxxxxxxxxxxxxxxxxxxxxxxxxxxxxxxxxxxxxxxxxxxxxxx<\/p>\n<p>Am 15.12.2012 k\u00fcndigte die &#8222;Kleine Zeitung&#8220; unseren Auftritt am Schlossbergplatz an, den wir auf Grund des Regens in den Schlossbergstollen verlegen mussten:<\/p>\n<p><a href=\"https:\/\/singkreisthal.hobbyseiten.at\/wp-content\/uploads\/2012-12-151.jpg\"><img loading=\"lazy\" decoding=\"async\" class=\"alignnone size-full wp-image-2624\" title=\"2012 12 15\" src=\"https:\/\/singkreisthal.hobbyseiten.at\/wp-content\/uploads\/2012-12-151.jpg\" alt=\"\" width=\"920\" height=\"445\" srcset=\"https:\/\/singkreisthal.hobbyseiten.at\/wp-content\/uploads\/2012-12-151.jpg 920w, https:\/\/singkreisthal.hobbyseiten.at\/wp-content\/uploads\/2012-12-151-150x72.jpg 150w, https:\/\/singkreisthal.hobbyseiten.at\/wp-content\/uploads\/2012-12-151-300x145.jpg 300w\" sizes=\"auto, (max-width: 920px) 100vw, 920px\" \/><\/a><br \/>\nxxxxxxxxxxxxxxxxxxxxxxxxxxxxxxxxxxxxxxxxxxxxxxxxxxxxxxxxxxxxxxxxxxxxxxxxxx<\/p>\n<p>In der &#8222;Kleine Zeitung&#8220; vom 30.05.2012 wurde unser Jubil\u00e4umskonzert angek\u00fcndigt:<\/p>\n<p><a href=\"http:\/\/www.hobbyseiten.at\/singkreisthal\/wp-content\/uploads\/Kleine-Zeitung-2012-05-30.jpg\"><img loading=\"lazy\" decoding=\"async\" class=\"alignnone size-full wp-image-725\" title=\"Kleine Zeitung 2012 05 30\" src=\"http:\/\/www.hobbyseiten.at\/singkreisthal\/wp-content\/uploads\/Kleine-Zeitung-2012-05-30.jpg\" alt=\"\" width=\"841\" height=\"472\" srcset=\"https:\/\/singkreisthal.hobbyseiten.at\/wp-content\/uploads\/Kleine-Zeitung-2012-05-30.jpg 841w, https:\/\/singkreisthal.hobbyseiten.at\/wp-content\/uploads\/Kleine-Zeitung-2012-05-30-300x168.jpg 300w\" sizes=\"auto, (max-width: 841px) 100vw, 841px\" \/><\/a><del>xxxxxxxxxxxxxxxxxxxxxxxxxxxxxxxxxxxxxxxxxxxxxxxxxxxxxxxxxxxxxxxxxxxxxxxxxx<\/del><\/p>\n<p>\u00dcber den Singkreis wurde auch am 17.12.2011 in der &#8222;Kleine Zeitung&#8220; berichtet:<\/p>\n<p><a href=\"http:\/\/www.hobbyseiten.at\/singkreisthal\/wp-content\/uploads\/Kleine-Zeitung.jpg\"><img loading=\"lazy\" decoding=\"async\" class=\"alignnone size-full wp-image-726\" title=\"Kleine Zeitung\" src=\"http:\/\/www.hobbyseiten.at\/singkreisthal\/wp-content\/uploads\/Kleine-Zeitung.jpg\" alt=\"\" width=\"576\" height=\"637\" srcset=\"https:\/\/singkreisthal.hobbyseiten.at\/wp-content\/uploads\/Kleine-Zeitung.jpg 576w, https:\/\/singkreisthal.hobbyseiten.at\/wp-content\/uploads\/Kleine-Zeitung-271x300.jpg 271w\" sizes=\"auto, (max-width: 576px) 100vw, 576px\" \/><\/a><del>xxxxxxxxxxxxxxxxxxxxxxxxxxxxxxxxxxxxxxxxxxxxxxxxxxxxxxxxxxxxxxxxxxxxxxxxxx<\/del><\/p>\n<p>In der Festschrift &#8222;60 Jahre <a href=\"http:\/\/www.feldkirchen-graz.net\/bedienstete\/userprofile\/singgemeinschaft.html\" target=\"_blank\" rel=\"noopener\">Singgemeinschaft Feldkirchen<\/a>&#8220; aus dem Jahr 2011 findet sich folgender Bericht: <a href=\"http:\/\/www.hobbyseiten.at\/singkreisthal\/wp-content\/uploads\/60-Jahre-Feldkirchen.jpg\"><img loading=\"lazy\" decoding=\"async\" class=\"alignnone size-full wp-image-727\" title=\"60 Jahre Feldkirchen\" src=\"http:\/\/www.hobbyseiten.at\/singkreisthal\/wp-content\/uploads\/60-Jahre-Feldkirchen.jpg\" alt=\"\" width=\"1729\" height=\"2459\" srcset=\"https:\/\/singkreisthal.hobbyseiten.at\/wp-content\/uploads\/60-Jahre-Feldkirchen.jpg 1729w, https:\/\/singkreisthal.hobbyseiten.at\/wp-content\/uploads\/60-Jahre-Feldkirchen-210x300.jpg 210w, https:\/\/singkreisthal.hobbyseiten.at\/wp-content\/uploads\/60-Jahre-Feldkirchen-720x1024.jpg 720w\" sizes=\"auto, (max-width: 1729px) 100vw, 1729px\" \/><\/a><del><\/del><\/p>\n<p><del>xxxxxxxxxxxxxxxxxxxxxxxxxxxxxxxxxxxxxxxxxxxxxxxxxxxxxxxxxxxxxxxxxxxxxxxxxx<\/del><\/p>\n<p>Die &#8222;<a href=\"http:\/\/www.steirische-berichte.at\/\" target=\"_blank\" rel=\"noopener\">Steirischen Berichte<\/a>&#8220; Ausgabe 6\/2006 haben \u00fcber unser Adventkonzert einen Bericht abgedruckt:<\/p>\n<p><a href=\"http:\/\/www.hobbyseiten.at\/singkreisthal\/wp-content\/uploads\/Steirische-Berichte.jpg\"><img loading=\"lazy\" decoding=\"async\" class=\"alignnone size-full wp-image-728\" title=\"Steirische Berichte\" src=\"http:\/\/www.hobbyseiten.at\/singkreisthal\/wp-content\/uploads\/Steirische-Berichte.jpg\" alt=\"\" width=\"2459\" height=\"1533\" srcset=\"https:\/\/singkreisthal.hobbyseiten.at\/wp-content\/uploads\/Steirische-Berichte.jpg 2459w, https:\/\/singkreisthal.hobbyseiten.at\/wp-content\/uploads\/Steirische-Berichte-300x187.jpg 300w, https:\/\/singkreisthal.hobbyseiten.at\/wp-content\/uploads\/Steirische-Berichte-1024x638.jpg 1024w\" sizes=\"auto, (max-width: 2459px) 100vw, 2459px\" \/><\/a><\/p>\n<p><del>xxxxxxxxxxxxxxxxxxxxxxxxxxxxxxxxxxxxxxxxxxxxxxxxxxxxxxxxxxxxxxxxxxxxxxxxxx<\/del><\/p>\n<p>Im &#8222;<a href=\"http:\/\/saengerbund.chormusik.at\/node\/2481\" target=\"_blank\" rel=\"noopener\">Chorjournal<\/a>&#8220; des Steirischen S\u00e4ngerbundes vom Sommer 2006 findet sich folgender Artikel (zusammenkopiert auf eine Seite) :<a href=\"http:\/\/www.hobbyseiten.at\/singkreisthal\/wp-content\/uploads\/Chor-1-klein.jpg\"><img loading=\"lazy\" decoding=\"async\" class=\"alignnone size-full wp-image-731\" title=\"Chor 1 klein\" src=\"http:\/\/www.hobbyseiten.at\/singkreisthal\/wp-content\/uploads\/Chor-1-klein.jpg\" alt=\"\" width=\"537\" height=\"959\" \/><\/a><a href=\"http:\/\/www.hobbyseiten.at\/singkreisthal\/wp-content\/uploads\/Chor-3.jpg\"><img loading=\"lazy\" decoding=\"async\" class=\"alignnone size-full wp-image-732\" title=\"Chor 3\" src=\"http:\/\/www.hobbyseiten.at\/singkreisthal\/wp-content\/uploads\/Chor-3.jpg\" alt=\"\" width=\"3064\" height=\"1512\" srcset=\"https:\/\/singkreisthal.hobbyseiten.at\/wp-content\/uploads\/Chor-3.jpg 3064w, https:\/\/singkreisthal.hobbyseiten.at\/wp-content\/uploads\/Chor-3-300x148.jpg 300w, https:\/\/singkreisthal.hobbyseiten.at\/wp-content\/uploads\/Chor-3-1024x505.jpg 1024w\" sizes=\"auto, (max-width: 3064px) 100vw, 3064px\" \/><\/a><a href=\"http:\/\/www.hobbyseiten.at\/singkreisthal\/wp-content\/uploads\/Chor-4.jpg\"><img loading=\"lazy\" decoding=\"async\" class=\"alignnone size-full wp-image-735\" title=\"Chor 4\" src=\"http:\/\/www.hobbyseiten.at\/singkreisthal\/wp-content\/uploads\/Chor-4.jpg\" alt=\"\" width=\"1516\" height=\"1215\" srcset=\"https:\/\/singkreisthal.hobbyseiten.at\/wp-content\/uploads\/Chor-4.jpg 1516w, https:\/\/singkreisthal.hobbyseiten.at\/wp-content\/uploads\/Chor-4-300x240.jpg 300w, https:\/\/singkreisthal.hobbyseiten.at\/wp-content\/uploads\/Chor-4-1024x820.jpg 1024w\" sizes=\"auto, (max-width: 1516px) 100vw, 1516px\" \/><\/a><\/p>\n<p><del>xxxxxxxxxxxxxxxxxxxxxxxxxxxxxxxxxxxxxxxxxxxxxxxxxxxxxxxxxxxxxxxxxxxxxxxxxx<\/del><\/p>\n","protected":false},"excerpt":{"rendered":"<p>Ab und zu wird \u00fcber unseren Singkreis auch etwas in verschiedenen Printmedien abgedruckt. Auch auf die Gefahr hin, dass sich Einiges mit dem Inhalt auf unserer Homepage deckt, stellen wir die Texte hier zum Abruf ein. In den Thaler Gemeindenachrichten &hellip; <a href=\"https:\/\/singkreisthal.hobbyseiten.at\/home\/presse\/\">Weiterlesen <span class=\"meta-nav\">&rarr;<\/span><\/a><\/p>\n","protected":false},"author":11,"featured_media":0,"parent":0,"menu_order":0,"comment_status":"closed","ping_status":"closed","template":"","meta":{"footnotes":""},"class_list":["post-92","page","type-page","status-publish","hentry"],"_links":{"self":[{"href":"https:\/\/singkreisthal.hobbyseiten.at\/home\/wp-json\/wp\/v2\/pages\/92","targetHints":{"allow":["GET"]}}],"collection":[{"href":"https:\/\/singkreisthal.hobbyseiten.at\/home\/wp-json\/wp\/v2\/pages"}],"about":[{"href":"https:\/\/singkreisthal.hobbyseiten.at\/home\/wp-json\/wp\/v2\/types\/page"}],"author":[{"embeddable":true,"href":"https:\/\/singkreisthal.hobbyseiten.at\/home\/wp-json\/wp\/v2\/users\/11"}],"replies":[{"embeddable":true,"href":"https:\/\/singkreisthal.hobbyseiten.at\/home\/wp-json\/wp\/v2\/comments?post=92"}],"version-history":[{"count":14,"href":"https:\/\/singkreisthal.hobbyseiten.at\/home\/wp-json\/wp\/v2\/pages\/92\/revisions"}],"predecessor-version":[{"id":6202,"href":"https:\/\/singkreisthal.hobbyseiten.at\/home\/wp-json\/wp\/v2\/pages\/92\/revisions\/6202"}],"wp:attachment":[{"href":"https:\/\/singkreisthal.hobbyseiten.at\/home\/wp-json\/wp\/v2\/media?parent=92"}],"curies":[{"name":"wp","href":"https:\/\/api.w.org\/{rel}","templated":true}]}}