{"id":77,"date":"2012-09-27T22:00:15","date_gmt":"2012-09-27T20:00:15","guid":{"rendered":"http:\/\/www.hobbyseiten.at\/singkreisthal\/?page_id=77"},"modified":"2024-03-15T21:36:06","modified_gmt":"2024-03-15T20:36:06","slug":"musikalische-links","status":"publish","type":"page","link":"https:\/\/singkreisthal.hobbyseiten.at\/home\/musikalische-links\/","title":{"rendered":"musikalische Links"},"content":{"rendered":"<p><a href=\"http:\/\/www.familienmusikanhofer.at\/\" target=\"_blank\" rel=\"noopener\">Familienmusik Anhofer<br \/>\n<\/a><a href=\"http:\/\/www.hello.co.at\/\" target=\"_blank\" rel=\"noopener\">Hello, aus Graz G\u00f6sting &#8211; die Band zu jedem Anlass<\/a><br \/>\n<a href=\"http:\/\/www.mgv-hitzendorf.at\/cms\/\" target=\"_blank\" rel=\"noopener\">M\u00e4nnergesangsverein Hitzendorf<\/a><br \/>\n<a href=\"http:\/\/www.mmv-thal.at\/\" target=\"_blank\" rel=\"noopener\">Marktmusikverein Thal<\/a><br \/>\n<a href=\"http:\/\/www.team.co.at\/event\/evmusi%20klassik\/nikolai.html\" target=\"_blank\" rel=\"noopener\">Nikolai-Quartett<br \/>\n<\/a><a href=\"http:\/\/www.projact.at\" target=\"_blank\" rel=\"noopener\">PROjACT Tonstudio Thal<\/a><a href=\"http:\/\/saengerbund.chormusik.at\/\" target=\"_blank\" rel=\"noopener\"><br \/>\nSteirischer S\u00e4ngerbund<\/a><br \/>\n<a href=\"http:\/\/www.steirisches-volksliedwerk.at\/\" target=\"_blank\" rel=\"noopener\">Steirisches Volksliedwerk<\/a><\/p>\n<p><a href=\"http:\/\/www.youtube.com\/watch?v=lqZCUjEeIKs\" target=\"_blank\" rel=\"noopener\">Da Huababauer suacht a Bauersfrau<\/a> (tolles Lied: Steirisch mit Untertiteln)<\/p>\n","protected":false},"excerpt":{"rendered":"<p>Familienmusik Anhofer Hello, aus Graz G\u00f6sting &#8211; die Band zu jedem Anlass M\u00e4nnergesangsverein Hitzendorf Marktmusikverein Thal Nikolai-Quartett PROjACT Tonstudio Thal Steirischer S\u00e4ngerbund Steirisches Volksliedwerk Da Huababauer suacht a Bauersfrau (tolles Lied: Steirisch mit Untertiteln)<\/p>\n","protected":false},"author":11,"featured_media":0,"parent":0,"menu_order":0,"comment_status":"closed","ping_status":"closed","template":"","meta":{"footnotes":""},"class_list":["post-77","page","type-page","status-publish","hentry"],"_links":{"self":[{"href":"https:\/\/singkreisthal.hobbyseiten.at\/home\/wp-json\/wp\/v2\/pages\/77","targetHints":{"allow":["GET"]}}],"collection":[{"href":"https:\/\/singkreisthal.hobbyseiten.at\/home\/wp-json\/wp\/v2\/pages"}],"about":[{"href":"https:\/\/singkreisthal.hobbyseiten.at\/home\/wp-json\/wp\/v2\/types\/page"}],"author":[{"embeddable":true,"href":"https:\/\/singkreisthal.hobbyseiten.at\/home\/wp-json\/wp\/v2\/users\/11"}],"replies":[{"embeddable":true,"href":"https:\/\/singkreisthal.hobbyseiten.at\/home\/wp-json\/wp\/v2\/comments?post=77"}],"version-history":[{"count":13,"href":"https:\/\/singkreisthal.hobbyseiten.at\/home\/wp-json\/wp\/v2\/pages\/77\/revisions"}],"predecessor-version":[{"id":6192,"href":"https:\/\/singkreisthal.hobbyseiten.at\/home\/wp-json\/wp\/v2\/pages\/77\/revisions\/6192"}],"wp:attachment":[{"href":"https:\/\/singkreisthal.hobbyseiten.at\/home\/wp-json\/wp\/v2\/media?parent=77"}],"curies":[{"name":"wp","href":"https:\/\/api.w.org\/{rel}","templated":true}]}}