{"id":51,"date":"2012-09-27T15:55:53","date_gmt":"2012-09-27T13:55:53","guid":{"rendered":"http:\/\/www.hobbyseiten.at\/singkreisthal\/?page_id=51"},"modified":"2024-03-15T21:30:04","modified_gmt":"2024-03-15T20:30:04","slug":"impressum","status":"publish","type":"page","link":"https:\/\/singkreisthal.hobbyseiten.at\/home\/impressum\/","title":{"rendered":"Impressum"},"content":{"rendered":"<p>Singkreis Thal<br \/>\nA-8051 Thal bei Graz<br \/>\nChorleiterin Chia-Wen Hsieh-Nitsche<br \/>\nemail: <a href=\"mailto:christa.schnuderl@gmail.com\">jiawen6210<\/a><a href=\"mailto:christa.schnuderl@gmail.com\"> at gmail.com<\/a><\/p>\n<p>Verantwortlich f\u00fcr die homepage:<br \/>\nBertrand Falzberger<br \/>\nA-8051 Thal bei Graz<br \/>\nemail: <a href=\"mailto:singkreisthal@hobbyseiten.at\">singkreisthal at hobbyseiten.at<\/a><\/p>\n<p><strong>Haftungsausschluss:<\/strong><br \/>\nWir sind bem\u00fcht, richtige und vollst\u00e4ndige Informationen auf dieser Website bereitzustellen, \u00fcbernehmen aber keinerlei Verantwortung, Garantien oder Haftung daf\u00fcr, dass die durch diese Website bereitgestellten Informationen richtig, vollst\u00e4ndig oder aktuell sind. Wir behalten uns das Recht vor, jederzeit und ohne Vorank\u00fcndigung die Informationen auf dieser Website zu \u00e4ndern und verpflichten uns auch nicht, die enthaltenen Informationen zu aktualisieren.<\/p>\n<p>Die Hypertext-Links sind ausschlie\u00dflich als Vereinfachung f\u00fcr die Benutzer gedacht, und die Aufnahme eines beliebigen Links bedeutet keine Unterst\u00fctzung oder Empfehlung der verlinkten Information. Wir sind in keiner Weise verantwortlich f\u00fcr die Inhalte auf irgendeiner verlinkten Website oder f\u00fcr irgendeinen Link in einer verlinkten Website.<\/p>\n<p>In keinem Fall k\u00f6nnen wir f\u00fcr Sch\u00e4den irgendeiner Art haftbar gemacht werden, die sich aus der Nutzung oder den Inhalten oder der Verf\u00fcgbarkeit dieser Website und den darin enthaltenen Informationen ergeben k\u00f6nnten.<\/p>\n<p>Diese Website dient nur dem privaten Gebrauch und verfolgt keine wirtschaftlichen Interessen. Sollten wir irgendwelche Urheberrechte verletzt haben, dann ersuchen wir um umgehende Information und werden das korrigieren.<\/p>\n","protected":false},"excerpt":{"rendered":"<p>Singkreis Thal A-8051 Thal bei Graz Chorleiterin Chia-Wen Hsieh-Nitsche email: jiawen6210 at gmail.com Verantwortlich f\u00fcr die homepage: Bertrand Falzberger A-8051 Thal bei Graz email: singkreisthal at hobbyseiten.at Haftungsausschluss: Wir sind bem\u00fcht, richtige und vollst\u00e4ndige Informationen auf dieser Website bereitzustellen, \u00fcbernehmen &hellip; <a href=\"https:\/\/singkreisthal.hobbyseiten.at\/home\/impressum\/\">Weiterlesen <span class=\"meta-nav\">&rarr;<\/span><\/a><\/p>\n","protected":false},"author":11,"featured_media":0,"parent":0,"menu_order":0,"comment_status":"closed","ping_status":"closed","template":"","meta":{"footnotes":""},"class_list":["post-51","page","type-page","status-publish","hentry"],"_links":{"self":[{"href":"https:\/\/singkreisthal.hobbyseiten.at\/home\/wp-json\/wp\/v2\/pages\/51","targetHints":{"allow":["GET"]}}],"collection":[{"href":"https:\/\/singkreisthal.hobbyseiten.at\/home\/wp-json\/wp\/v2\/pages"}],"about":[{"href":"https:\/\/singkreisthal.hobbyseiten.at\/home\/wp-json\/wp\/v2\/types\/page"}],"author":[{"embeddable":true,"href":"https:\/\/singkreisthal.hobbyseiten.at\/home\/wp-json\/wp\/v2\/users\/11"}],"replies":[{"embeddable":true,"href":"https:\/\/singkreisthal.hobbyseiten.at\/home\/wp-json\/wp\/v2\/comments?post=51"}],"version-history":[{"count":10,"href":"https:\/\/singkreisthal.hobbyseiten.at\/home\/wp-json\/wp\/v2\/pages\/51\/revisions"}],"predecessor-version":[{"id":5981,"href":"https:\/\/singkreisthal.hobbyseiten.at\/home\/wp-json\/wp\/v2\/pages\/51\/revisions\/5981"}],"wp:attachment":[{"href":"https:\/\/singkreisthal.hobbyseiten.at\/home\/wp-json\/wp\/v2\/media?parent=51"}],"curies":[{"name":"wp","href":"https:\/\/api.w.org\/{rel}","templated":true}]}}