{"id":49,"date":"2012-09-27T15:55:20","date_gmt":"2012-09-27T13:55:20","guid":{"rendered":"http:\/\/www.hobbyseiten.at\/singkreisthal\/?page_id=49"},"modified":"2024-03-15T21:29:42","modified_gmt":"2024-03-15T20:29:42","slug":"hoerbeispiele-aus-unseren-konzerten","status":"publish","type":"page","link":"https:\/\/singkreisthal.hobbyseiten.at\/home\/hoerbeispiele-aus-unseren-konzerten\/","title":{"rendered":"H\u00f6rbeispiele aus unseren Konzerten"},"content":{"rendered":"<p>Hier h\u00f6ren Sie Ausschnitte aus unserem Repertoire.<\/p>\n<p>Am Kl\u00fcgsten ist nat\u00fcrlich, Sie kommen zu <del datetime=\"2012-02-10T14:09:39+00:00\">einem<\/del> jedem unserer Konzerte und h\u00f6ren das ganze Volumen unserer Stimmen!<\/p>\n<p>Adventkonzert 2022<\/p>\n<p><a href=\"https:\/\/singkreisthal.hobbyseiten.at\/adventkonzert-2017\/\">Adventkonzert 2017<\/a><\/p>\n<p><a href=\"https:\/\/singkreisthal.hobbyseiten.at\/fruehlingskonzert-2015-musik\/\">Fr\u00fchlingskonzert 2015<\/a><\/p>\n<p><a href=\"https:\/\/singkreisthal.hobbyseiten.at\/adventkonzert-2014\/\">Adventkonzert 2014<\/a><\/p>\n<p><a href=\"https:\/\/singkreisthal.hobbyseiten.at\/fruehlingskonzert-2014\/\">Fr\u00fchlingskonzert 2014<\/a><\/p>\n<p>Advent 2013:<br \/>\n<a href=\"https:\/\/singkreisthal.hobbyseiten.at\/adventkonzert-2013-in-thal\/\"> Mitschnitt aus der Pfarrkirche Thal<\/a><\/p>\n<p><a href=\"https:\/\/singkreisthal.hobbyseiten.at\/fruehlingskonzert-2013\/\">Fr\u00fchlingskonzert 2013<\/a><\/p>\n<p><span style=\"text-decoration: underline;\"><strong>Advent 2012:<\/strong><\/span> Mitschnitt aus der Kirche G\u00f6sting, bzw. von der Generalprobe in der Kirche Thal<\/p>\n<p><a href=\"https:\/\/singkreisthal.hobbyseiten.at\/wp-content\/uploads\/Weihnachtsruf.wav\">Weihnachtsruf<\/a><a href=\"https:\/\/singkreisthal.hobbyseiten.at\/wp-content\/uploads\/1-Is-finster-drau%C3%9Ft.mp3\"><br \/>\nIs finster drau\u00dft<\/a> (Generalprobe in Thal)<br \/>\n<a href=\"https:\/\/singkreisthal.hobbyseiten.at\/wp-content\/uploads\/3-Es-wintert-schon-eina.mp3\">Es wintat schon eina<\/a> (Generalprobe in Thal)<br \/>\n<a href=\"https:\/\/singkreisthal.hobbyseiten.at\/wp-content\/uploads\/Durch-die-Nocht-scheint-a-Liacht.wav\">Durch die Nocht scheint a Liacht<\/a><br \/>\n<a href=\"https:\/\/singkreisthal.hobbyseiten.at\/wp-content\/uploads\/Ding-Dong-Merrily-on-high.mp3\">Ding Dong Merrily on high<\/a><br \/>\n<a href=\"https:\/\/singkreisthal.hobbyseiten.at\/wp-content\/uploads\/H\u00f6r-in-den-Klang-der-Stille1.mp3\">H\u00f6r in den Klang der Stille<\/a><br \/>\n<a href=\"https:\/\/singkreisthal.hobbyseiten.at\/wp-content\/uploads\/Der-englische-Gru\u00df1.mp3\">Der englische Gru\u00df<\/a><br \/>\n<a href=\"https:\/\/singkreisthal.hobbyseiten.at\/wp-content\/uploads\/Mater-Dei1.mp3\">Mater Dei<\/a><br \/>\n<a href=\"https:\/\/singkreisthal.hobbyseiten.at\/wp-content\/uploads\/9-Apparuit.mp3\">Apparuit<\/a> (Generalprobe in Thal)<br \/>\n<a href=\"https:\/\/singkreisthal.hobbyseiten.at\/wp-content\/uploads\/10-In-dulci-jubilo.mp3\">In dulci jubilo<\/a> (Generalprobe in Thal)<br \/>\n<a href=\"https:\/\/singkreisthal.hobbyseiten.at\/wp-content\/uploads\/Liabs-Christkindle-tua-wachsn.mp3\">Liabs Christkindle tua wachsn<\/a><br \/>\n<a href=\"https:\/\/singkreisthal.hobbyseiten.at\/wp-content\/uploads\/Fr\u00f6hliche-Weihnacht.wav\">Fr\u00f6hliche Weihnacht<\/a><br \/>\n<a href=\"https:\/\/singkreisthal.hobbyseiten.at\/wp-content\/uploads\/Il-est-ne-le-divin-enfant.wav\">Il est ne le divin enfant<\/a><br \/>\n<a href=\"https:\/\/singkreisthal.hobbyseiten.at\/wp-content\/uploads\/O-du-fr\u00f6hliche.wav\">O du fr\u00f6hliche<\/a><br \/>\n<a href=\"https:\/\/singkreisthal.hobbyseiten.at\/wp-content\/uploads\/Andachtsjodler.mp3\">Andachtsjodler<\/a><\/p>\n<p><span style=\"text-decoration: underline;\"><strong>Jubil\u00e4umskonzert 2012:<\/strong><\/span><\/p>\n<p><a href=\"http:\/\/youtu.be\/SGXkwpjSVbc\" target=\"_blank\" rel=\"noopener\">Einzug (Weisenbl\u00e4ser des Marktmusikvereines Thal)<\/a><br \/>\n<a href=\"http:\/\/youtu.be\/8872U63a9P0\" target=\"_blank\" rel=\"noopener\">Der Maijodler (gemeinsam mit dem MGV Hitzendorf)<\/a><br \/>\n<a href=\"http:\/\/youtu.be\/YJhc_T_N3Wo\" target=\"_blank\" rel=\"noopener\">Edelwei\u00df<\/a><br \/>\n<a href=\"http:\/\/youtu.be\/d_7Z4fBVVAo\" target=\"_blank\" rel=\"noopener\">Hoduli<\/a><br \/>\n<a href=\"http:\/\/youtu.be\/QeQ_QJ2aOZ8\" target=\"_blank\" rel=\"noopener\">Schneewalzer<\/a><br \/>\n<a href=\"http:\/\/youtu.be\/8f7mK1isw1w\" target=\"_blank\" rel=\"noopener\">Weisenbl\u00e4ser<\/a><br \/>\n<a href=\"http:\/\/youtu.be\/gKBxFymkjRE\" target=\"_blank\" rel=\"noopener\">Vive l\u00b4amour (MGV Hitzendorf)<\/a><br \/>\n<a href=\"http:\/\/youtu.be\/CenGaqQyqWk\" target=\"_blank\" rel=\"noopener\">Die Steirer san lustig (MGV Hitzendorf)<\/a><br \/>\n<a href=\"http:\/\/youtu.be\/2ESzVjQfKcg\" target=\"_blank\" rel=\"noopener\">Garament (MGV Hitzendorf)<\/a><a href=\"http:\/\/youtu.be\/Bk9raWX8YDk\" target=\"_blank\" rel=\"noopener\"><br \/>\n<\/a><a href=\"http:\/\/youtu.be\/EPNEc4jQA1c\" target=\"_blank\" rel=\"noopener\">Weisenbl\u00e4ser<\/a><a href=\"http:\/\/youtu.be\/mH3hzj4s1Go\" target=\"_blank\" rel=\"noopener\"><br \/>\n<\/a><a href=\"http:\/\/youtu.be\/4lWtOeI1xrg\" target=\"_blank\" rel=\"noopener\">Sunnroasnliad<\/a><br \/>\n<a href=\"http:\/\/youtu.be\/n9SoP1XzrkE\" target=\"_blank\" rel=\"noopener\">Wia i bin auf d\u00b4Alma gaunga<\/a><br \/>\n<a href=\"http:\/\/youtu.be\/wN0jVpGuxLE\" target=\"_blank\" rel=\"noopener\">Hans bleib do<\/a><a href=\"http:\/\/youtu.be\/0-CHFUtVxpg\" target=\"_blank\" rel=\"noopener\"><br \/>\n<\/a><a href=\"http:\/\/youtu.be\/_1DAQAO-yyQ\" target=\"_blank\" rel=\"noopener\"> Ungarischer Tanz Nr. 5 von Johannes Brahms (Nikolai Quartett)<\/a><a href=\"http:\/\/youtu.be\/8OdVg5Ha4VE\" target=\"_blank\" rel=\"noopener\"><br \/>\nDie M\u00fchle im Tal<\/a><br \/>\n<a href=\"http:\/\/youtu.be\/q1EHVlI-BMQ\" target=\"_blank\" rel=\"noopener\">A Musi muass sein<\/a><br \/>\n<a href=\"http:\/\/youtu.be\/yxzPx0cAXkA\" target=\"_blank\" rel=\"noopener\">Sunntog am Laund<\/a><br \/>\n<a href=\"http:\/\/youtu.be\/ZwxUAx3EOMk\" target=\"_blank\" rel=\"noopener\">Tango \u201cPor una cabeza\u201d aus dem Film: \u201cDer Duft der Frauen\u201d (Nikolai Quartett)<\/a><br \/>\n<a href=\"http:\/\/youtu.be\/Ek5s25oJG70\" target=\"_blank\" rel=\"noopener\">Lied der Berghirten (MGV Hitzendorf)<\/a><br \/>\n<a href=\"http:\/\/youtu.be\/m6tSLH7Cil0\" target=\"_blank\" rel=\"noopener\">Kad si bila mala mare (MGV Hitzendorf)<\/a><br \/>\n<a href=\"http:\/\/youtu.be\/0dZrDC20mbg\" target=\"_blank\" rel=\"noopener\">In Milano (MGV Hitzendorf)<br \/>\n<\/a> <a href=\"http:\/\/youtu.be\/ipf7rV7Pxhk\" target=\"_blank\" rel=\"noopener\">Oh Mariana! (MGV Hitzendorf)<\/a><br \/>\n<a href=\"http:\/\/youtu.be\/KHcrbSkE-n8\" target=\"_blank\" rel=\"noopener\">Csardas von Vittorio Monti (Nikolai Quartett)<\/a><br \/>\n<a href=\"http:\/\/youtu.be\/PS3DfHvioJA\" target=\"_blank\" rel=\"noopener\">Donglliad<\/a><br \/>\n<a href=\"http:\/\/youtu.be\/XnbexzYC5L4\" target=\"_blank\" rel=\"noopener\">\u00dcber die Erden<\/a><br \/>\n<a href=\"http:\/\/youtu.be\/X8J_Yq7GjKs\" target=\"_blank\" rel=\"noopener\">Oh Susanna (mit Nikolai Quartett)<\/a> <a href=\"http:\/\/youtu.be\/PPyDI5BQgkQ\" target=\"_blank\" rel=\"noopener\"><br \/>\n\u671b\u6625\u98a8 Bang zun Hong (Zugabe)<\/a><br \/>\n<a href=\"http:\/\/youtu.be\/VBiboGN-bjQ\" target=\"_blank\" rel=\"noopener\">Pizzicato Polka von Johann Strauss Sohn (Nikolai Quartett)<\/a><br \/>\n<a href=\"http:\/\/youtu.be\/h_AZVXubhRU\" target=\"_blank\" rel=\"noopener\">Quintenjodler (mit MGV Hitzendorf) Zugabe<\/a><br \/>\n<a href=\"http:\/\/youtu.be\/w0lrHazv6RA\" target=\"_blank\" rel=\"noopener\">Quintenjodler (mit MGV Hitzendorf) Zugabe, weil einmal jodeln zu kurz war!!!!! <img decoding=\"async\" src=\"https:\/\/singkreisthal.hobbyseiten.at\/wp-includes\/images\/smilies\/icon_wink.gif\" alt=\";-)\" \/> <\/a><br \/>\n<a href=\"http:\/\/youtu.be\/VCz_kW9xHUk\" target=\"_blank\" rel=\"noopener\">Auszug: Tritsch-Tratsch-Polka von Johann Strauss Sohn (Nikolai Quartett)<\/a><\/p>\n<p><span style=\"text-decoration: underline;\"><strong>Fr\u00fchlingskonzert 2011:<\/strong><\/span> (Mitschnitt von Herbert Puschnig):<\/p>\n<p><a href=\"http:\/\/www.hobbyseiten.at\/singkreisthal\/wp-content\/uploads\/01-Wir-feiern-ein-Fest-der-Freude.mp3\">01 Wir feiern ein Fest der Freude<\/a><br \/>\n<a href=\"http:\/\/www.hobbyseiten.at\/singkreisthal\/wp-content\/uploads\/02-Fr%C3%BChlingslied.mp3\">02 Fr\u00fchlingslied<\/a><br \/>\n<a href=\"http:\/\/www.hobbyseiten.at\/singkreisthal\/wp-content\/uploads\/03-Viele-verachten-die-edele-Musik.mp3\">03 Viele verachten die edele Musik<\/a><br \/>\n<a href=\"http:\/\/www.hobbyseiten.at\/singkreisthal\/wp-content\/uploads\/04-In-der-Abendstund.mp3\">04 In der Abendstund<\/a><br \/>\n<a href=\"http:\/\/www.hobbyseiten.at\/singkreisthal\/wp-content\/uploads\/05-Da-unten-im-Tale.mp3\">05 Da unten im Tale<\/a><br \/>\n<a href=\"http:\/\/www.hobbyseiten.at\/singkreisthal\/wp-content\/uploads\/06-Uns%C2%B4re-kleine-Nachtmusik.mp3\">06 Uns\u00b4re kleine Nachtmusik<\/a><br \/>\n<a href=\"http:\/\/www.hobbyseiten.at\/singkreisthal\/wp-content\/uploads\/07-Langenwanger-Jodler.mp3\">07 Langenwanger Jodler<\/a><br \/>\n<a href=\"http:\/\/www.hobbyseiten.at\/singkreisthal\/wp-content\/uploads\/08-Auf-der-Prager-Moldaubr%C3%BCcke.mp3\">08 Auf der Prager Moldaubr\u00fccke<\/a><br \/>\n<a href=\"http:\/\/www.hobbyseiten.at\/singkreisthal\/wp-content\/uploads\/09-Wossatr\u00f6pferl.mp3\">09 Wossatr\u00f6pferl<\/a><br \/>\n<a href=\"http:\/\/www.hobbyseiten.at\/singkreisthal\/wp-content\/uploads\/10-Ein-bisschen-mehr1.mp3\">10 Ein bisschen mehr<\/a><br \/>\n<a href=\"http:\/\/www.hobbyseiten.at\/singkreisthal\/wp-content\/uploads\/11-Jo-weil-du-so-sch\u00f6n-tonzn-konnst.mp3\">11 Jo weil du so sch\u00f6n tonzn konnst<\/a><br \/>\n<a href=\"http:\/\/www.hobbyseiten.at\/singkreisthal\/wp-content\/uploads\/12-Es-eckt-und-spie%C3%9Ft.mp3\">12 Es eckt und spie\u00dft<\/a><br \/>\n<a href=\"http:\/\/www.hobbyseiten.at\/singkreisthal\/wp-content\/uploads\/13-Lenas-song.mp3\">13 Lenas song<\/a><br \/>\n<a href=\"http:\/\/www.hobbyseiten.at\/singkreisthal\/wp-content\/uploads\/14-Zugabe-1.mp3\">14 Zugabe 1<br \/>\n<\/a><a href=\"http:\/\/www.hobbyseiten.at\/singkreisthal\/wp-content\/uploads\/15-Zugabe-2.mp3\">15 Zugabe 2<\/a><\/p>\n<p><span style=\"text-decoration: underline;\"><strong>Adventkonzert 2010<\/strong><\/span> (Mitschnitt von Herbert Puschnig):<br \/>\n<a href=\"http:\/\/www.hobbyseiten.at\/singkreisthal\/wp-content\/uploads\/01-Advent-der-Christenheit.mp3\">01 Advent der Christenheit<\/a><br \/>\n<a href=\"http:\/\/www.hobbyseiten.at\/singkreisthal\/wp-content\/uploads\/02-Macht-auf-eure-Tore.mp3\">02 Macht auf eure Tore<\/a><br \/>\n<a href=\"http:\/\/www.hobbyseiten.at\/singkreisthal\/wp-content\/uploads\/Es-ist-ein-Ros-entsprungen.mp3\">03 Es ist ein Ros entsprungen<\/a><br \/>\n<a href=\"http:\/\/www.hobbyseiten.at\/singkreisthal\/wp-content\/uploads\/04-A-Liachterschein-liegt-\u00fcberm-Land.mp3\">04 A Liachterschein liegt \u00fcberm Land<\/a><br \/>\n<a href=\"http:\/\/www.hobbyseiten.at\/singkreisthal\/wp-content\/uploads\/Ach-mein-Seel-fang-an-zu-singen1.mp3\">05 Ach mein Seel fang an zu singen<\/a><br \/>\n<a href=\"http:\/\/www.hobbyseiten.at\/singkreisthal\/wp-content\/uploads\/06-Die-Botschaft-der-Engel.mp3\">06 Die Botschaft der Engel<\/a><br \/>\n<a href=\"http:\/\/www.hobbyseiten.at\/singkreisthal\/wp-content\/uploads\/07-Maria-durch-ein-Dornwald-ging.mp3\">07 Maria durch ein Dornwald ging<\/a><br \/>\n<a href=\"http:\/\/www.hobbyseiten.at\/singkreisthal\/wp-content\/uploads\/08-s\u00b4D\u00f6rfle.mp3\">08 s\u00b4D\u00f6rfle<br \/>\n<\/a><a href=\"http:\/\/www.hobbyseiten.at\/singkreisthal\/wp-content\/uploads\/09-H\u00f6r-in-den-Klang-der-Stille.mp3\">09 H\u00f6r in den Klang der Stille<\/a><br \/>\n<a href=\"http:\/\/www.hobbyseiten.at\/singkreisthal\/wp-content\/uploads\/10-M\u00fcrztaler-Engelruf.mp3\">10 M\u00fcrztaler Engelruf<\/a><br \/>\n<a href=\"http:\/\/www.hobbyseiten.at\/singkreisthal\/wp-content\/uploads\/11-Wer-wird-meinem-Herzen.mp3\">11 Wer wird meinem Herzen<\/a><br \/>\n<a href=\"http:\/\/www.hobbyseiten.at\/singkreisthal\/wp-content\/uploads\/Schlaf.mp3\">12 Schlaf, schlaf<\/a><br \/>\n<a href=\"http:\/\/www.hobbyseiten.at\/singkreisthal\/wp-content\/uploads\/13-Andachtsjodler.mp3\">13 Andachtsjodler<\/a><\/p>\n<table>\n<tbody>\n<tr>\n<td><\/td>\n<td><\/td>\n<\/tr>\n<\/tbody>\n<\/table>\n","protected":false},"excerpt":{"rendered":"<p>Hier h\u00f6ren Sie Ausschnitte aus unserem Repertoire. Am Kl\u00fcgsten ist nat\u00fcrlich, Sie kommen zu einem jedem unserer Konzerte und h\u00f6ren das ganze Volumen unserer Stimmen! Adventkonzert 2022 Adventkonzert 2017 Fr\u00fchlingskonzert 2015 Adventkonzert 2014 Fr\u00fchlingskonzert 2014 Advent 2013: Mitschnitt aus der &hellip; <a href=\"https:\/\/singkreisthal.hobbyseiten.at\/home\/hoerbeispiele-aus-unseren-konzerten\/\">Weiterlesen <span class=\"meta-nav\">&rarr;<\/span><\/a><\/p>\n","protected":false},"author":11,"featured_media":0,"parent":0,"menu_order":0,"comment_status":"closed","ping_status":"closed","template":"","meta":{"footnotes":""},"class_list":["post-49","page","type-page","status-publish","hentry"],"_links":{"self":[{"href":"https:\/\/singkreisthal.hobbyseiten.at\/home\/wp-json\/wp\/v2\/pages\/49","targetHints":{"allow":["GET"]}}],"collection":[{"href":"https:\/\/singkreisthal.hobbyseiten.at\/home\/wp-json\/wp\/v2\/pages"}],"about":[{"href":"https:\/\/singkreisthal.hobbyseiten.at\/home\/wp-json\/wp\/v2\/types\/page"}],"author":[{"embeddable":true,"href":"https:\/\/singkreisthal.hobbyseiten.at\/home\/wp-json\/wp\/v2\/users\/11"}],"replies":[{"embeddable":true,"href":"https:\/\/singkreisthal.hobbyseiten.at\/home\/wp-json\/wp\/v2\/comments?post=49"}],"version-history":[{"count":33,"href":"https:\/\/singkreisthal.hobbyseiten.at\/home\/wp-json\/wp\/v2\/pages\/49\/revisions"}],"predecessor-version":[{"id":6115,"href":"https:\/\/singkreisthal.hobbyseiten.at\/home\/wp-json\/wp\/v2\/pages\/49\/revisions\/6115"}],"wp:attachment":[{"href":"https:\/\/singkreisthal.hobbyseiten.at\/home\/wp-json\/wp\/v2\/media?parent=49"}],"curies":[{"name":"wp","href":"https:\/\/api.w.org\/{rel}","templated":true}]}}