{"id":46,"date":"2012-09-27T15:53:45","date_gmt":"2012-09-27T13:53:45","guid":{"rendered":"http:\/\/www.hobbyseiten.at\/singkreisthal\/?page_id=46"},"modified":"2024-03-15T21:29:00","modified_gmt":"2024-03-15T20:29:00","slug":"geschichte","status":"publish","type":"page","link":"https:\/\/singkreisthal.hobbyseiten.at\/home\/geschichte\/","title":{"rendered":"Geschichte"},"content":{"rendered":"\n<p>Hier ein kurzer \u00dcberblick \u00fcber die Geschichte des Singkreises Thal von 1982 bis 2022:<br><\/p>\n\n\n<h1><a href=\"https:\/\/singkreisthal.hobbyseiten.at\/wp-content\/uploads\/40JAHRE_Singkreis.pdf\">40JAHRE_Singkreis<\/a><br \/><br \/><a href=\"http:\/\/www.hobbyseiten.at\/singkreisthal\/wp-content\/uploads\/Deckblatt.jpg\"><img loading=\"lazy\" decoding=\"async\" class=\"alignnone size-full wp-image-682\" title=\"Deckblatt\" src=\"http:\/\/www.hobbyseiten.at\/singkreisthal\/wp-content\/uploads\/Deckblatt.jpg\" alt=\"\" width=\"1009\" height=\"1504\" srcset=\"https:\/\/singkreisthal.hobbyseiten.at\/wp-content\/uploads\/Deckblatt.jpg 1009w, https:\/\/singkreisthal.hobbyseiten.at\/wp-content\/uploads\/Deckblatt-201x300.jpg 201w, https:\/\/singkreisthal.hobbyseiten.at\/wp-content\/uploads\/Deckblatt-686x1024.jpg 686w\" sizes=\"auto, (max-width: 1009px) 100vw, 1009px\" \/><\/a><br \/>Der Singkreis Thal entstand am 03.03.1982 durch den lockeren Zusammenschluss von zun\u00e4chst 17 sangesfreudigen Personen unter dem ersten Chorleiter Friedl KONRAD. Im Mai 1982 \u00fcbernahm Dipl. Ing. Erich KORMANN, Lehrer in der LFS Grottenhof-Hardt, die Chorleitung bis 1985. In diesem Jahre folgte ihm der Direktor der VS Thal, Herr Franz OPRIESSNIG als Chorleiter.Im Fr\u00fchjahr 1992 wurde die Chorleitung von Frau Mag. Heidrun LANGER u\u0308bernommen, die diese Funktion wegen ihrer \u00dcbersiedlung im September 1994 wieder abgeben musste.<\/h1>\n<p>Ab diesem Zeitpunkt sorgte Frau Christa SCHATZ bis zum Jahr 2008 mit viel Gesp\u00fcr, Charme und Geduld f\u00fcr die Leitung unseres Singkreises.<\/p>\n<p>Zu Beginn des Jahres 2009 konnten wir die Musikp\u00e4dagogin Frau Chia-Wen HSIEH aus Taiwan zun\u00e4chst zur interimistischen, ab Herbst 2009 zur dauernden Leitung unseres Singkreises gewinnen. Sie hat diese Leitung auch heute noch inne und f\u00fchrt den Chor mit der n\u00f6tigen Umsicht, Pr\u00e4zision und Strenge.<\/p>\n<p>Der Thaler Singkreis ist in seinem Wirkungsbereich \u00e4usserst vielf\u00e4ltig und umfassend. Bereits zwei Monate nach seiner Gr\u00fcndung war er imstande, erstmals \u00f6ffentlich bei einer Muttertagsfeier der Gemeinde Thal aufzutreten. Der Erfolg dieses Auftrittes machte diese Mitwirkung bereits damals zu einer Dauereinrichtung. Daneben entwickelten sich ein Fr\u00fchjahrskonzert Ende Mai und in der LFS Grottenhof-Hardt und ein Adventsingen meistens am ersten Adventsonntag in der Jakobikirche in Thal zu einem st\u00e4ndigen Repertoire.<\/p>\n<p>Dar\u00fcber hinaus wurde der Singkreis von dankbaren Zuh\u00f6rern um die Mitwirkung und Bestreitung auch noch anderer, vorwiegend Benefizveranstaltungen gebeten, denen er auch gerne nachkam, wie Adventsingen im Krankenhaus der Barmherzigen Br\u00fcder in Graz, in der St. Anna Kirche in G\u00f6sting, sowie bei Pfarr- und Erntedankfesten in Kirchen und Krankenh\u00e4usern. In kleineren Gruppen wirkt er auch in Alters- und Pflegeheimen, bei Geburtstags- und anderen Jubil\u00e4en, Weihnachtsfeiern u.a.m. mit.<\/p>\n<p>Das Repertoire des Liedgutes reicht von herk\u00f6mmlicher Volksmusik (Volkslieder aus aller Herren L\u00e4nder) \u00fcber die Unterhaltungsmusik (Operette, Musical, Schlager, Oldies etc.), Pop (vorwiegend Austro-Pop), klassisches Liedgut, geistlichen Ges\u00e4ngen bis zu Messen f\u00fcr Kirchenfeste (Mozart, Bach-Gounod und zeitgen\u00f6ssische Messen). Seit neuestem versuchen wir uns auch in der Interpretation fern\u00f6stlichen Liedgutes.<\/p>\n<p>(Dieser Text stammt aus dem Internet &#8211; es war leider kein Autor ausfindig zu machen. Bitte um R\u00fcckmeldung an uns, um den Autor erw\u00e4hnen zu k\u00f6nnen)<\/p>","protected":false},"excerpt":{"rendered":"<p>Hier ein kurzer \u00dcberblick \u00fcber die Geschichte des Singkreises Thal von 1982 bis 2022: 40JAHRE_Singkreis Der Singkreis Thal entstand am 03.03.1982 durch den lockeren Zusammenschluss von zun\u00e4chst 17 sangesfreudigen Personen unter dem ersten Chorleiter Friedl KONRAD. Im Mai 1982 \u00fcbernahm &hellip; <a href=\"https:\/\/singkreisthal.hobbyseiten.at\/home\/geschichte\/\">Weiterlesen <span class=\"meta-nav\">&rarr;<\/span><\/a><\/p>\n","protected":false},"author":11,"featured_media":0,"parent":0,"menu_order":0,"comment_status":"closed","ping_status":"closed","template":"","meta":{"footnotes":""},"class_list":["post-46","page","type-page","status-publish","hentry"],"_links":{"self":[{"href":"https:\/\/singkreisthal.hobbyseiten.at\/home\/wp-json\/wp\/v2\/pages\/46","targetHints":{"allow":["GET"]}}],"collection":[{"href":"https:\/\/singkreisthal.hobbyseiten.at\/home\/wp-json\/wp\/v2\/pages"}],"about":[{"href":"https:\/\/singkreisthal.hobbyseiten.at\/home\/wp-json\/wp\/v2\/types\/page"}],"author":[{"embeddable":true,"href":"https:\/\/singkreisthal.hobbyseiten.at\/home\/wp-json\/wp\/v2\/users\/11"}],"replies":[{"embeddable":true,"href":"https:\/\/singkreisthal.hobbyseiten.at\/home\/wp-json\/wp\/v2\/comments?post=46"}],"version-history":[{"count":11,"href":"https:\/\/singkreisthal.hobbyseiten.at\/home\/wp-json\/wp\/v2\/pages\/46\/revisions"}],"predecessor-version":[{"id":6105,"href":"https:\/\/singkreisthal.hobbyseiten.at\/home\/wp-json\/wp\/v2\/pages\/46\/revisions\/6105"}],"wp:attachment":[{"href":"https:\/\/singkreisthal.hobbyseiten.at\/home\/wp-json\/wp\/v2\/media?parent=46"}],"curies":[{"name":"wp","href":"https:\/\/api.w.org\/{rel}","templated":true}]}}