{"id":3751,"date":"2013-09-03T08:44:44","date_gmt":"2013-09-03T06:44:44","guid":{"rendered":"http:\/\/singkreisthal.hobbyseiten.at\/?page_id=3751"},"modified":"2024-03-15T21:20:29","modified_gmt":"2024-03-15T20:20:29","slug":"aktuelles","status":"publish","type":"page","link":"https:\/\/singkreisthal.hobbyseiten.at\/home\/aktuelles\/","title":{"rendered":"Aktuelles"},"content":{"rendered":"<p>Am 15. April 2015 traten S\u00e4ngerinnen und S\u00e4nger des Singkreises im Haus der Barmherzigkeit in Graz auf. &#8222;<a href=\"https:\/\/singkreisthal.hobbyseiten.at\/kuenstler-fuer-kranke-2015\/\">K\u00fcnstler f\u00fcr Kranke<\/a>&#8220;<\/p>\n<p>Vom 18. bis zum 19. April nahmen 7 Mitglieder des Singkreises an den Mariazeller Singtagen teil. Ca. 100 Chors\u00e4ngerInnen erlebten sch\u00f6ne gemeinsame Stunden und erlernten gemeinsam sch\u00f6ne Lieder. Wer wollte, konnte auch Stimmbildung erfahren. Weitere Informationen hier: <a href=\"https:\/\/singkreisthal.hobbyseiten.at\/26-mariazeller-singtage\/\">Mariazeller Singtage 2015<\/a><\/p>\n<p><a href=\"https:\/\/singkreisthal.hobbyseiten.at\/adventkonzert-2014\/\">Das Adventkonzert 2014 &#8211; hier zum Nachlesen und Nachh\u00f6ren<\/a><\/p>\n<p><a href=\"https:\/\/singkreisthal.hobbyseiten.at\/fruehlingskonzert-2014\/\">Fr\u00fchlingskonzert 2014 &#8211; hier zum Nachh\u00f6ren<\/a><\/p>\n<p><a href=\"https:\/\/singkreisthal.hobbyseiten.at\/presse\/\">Aktuell: Bericht von der Annenstrassen-Er\u00f6ffnung &#8211; &#8222;Klick&#8220;<\/a><img loading=\"lazy\" decoding=\"async\" src=\"https:\/\/singkreisthal.hobbyseiten.at\/wp-content\/uploads\/Sybille-11.jpg\" alt=\"Sybille 1\" width=\"600\" height=\"234\" \/><\/p>\n<p>&#8212;&#8212;&#8212;&#8212;&#8212;&#8212;&#8212;&#8212;&#8212;&#8212;&#8212;&#8212;&#8212;&#8212;&#8212;&#8212;&#8212;&#8212;&#8212;&#8212;&#8212;&#8212;&#8212;&#8212;&#8212;&#8212;&#8212;&#8212;&#8212;&#8212;&#8212;&#8212;&#8212;&#8212;-<\/p>\n<p>In kleiner Besetzung haben wir am Freitag, dem 21. Juni in Feldkirchen bei Graz bei einer <a href=\"https:\/\/singkreisthal.hobbyseiten.at\/wp-content\/uploads\/Benefiz-2-722x1024.jpg\">Benefizveranstaltung f\u00fcr Stra\u00dfenkinder in Uganda<\/a> teilgenommen. Der Pfarrsaal war gut gef\u00fcllt, es war sehr heiss, aber die Stimmung war gut.<br \/>\n&#8212;&#8212;&#8212;&#8212;&#8212;&#8212;&#8212;&#8212;&#8212;&#8212;&#8212;&#8212;&#8212;&#8212;&#8212;&#8212;&#8212;&#8212;&#8212;&#8212;&#8212;&#8212;&#8212;&#8212;&#8212;&#8212;&#8212;&#8212;&#8212;&#8212;&#8212;&#8212;&#8212;&#8212;-<\/p>\n<p>Unser Fr\u00fchlingskonzert war ein voller Erfolg!!!!!<br \/>\nDanke allen G\u00e4sten und allen Mitwirkenden!<br \/>\nAuf ein Neues!<br \/>\n(Fotos von Josef Skoberne)<br \/>\nNachh\u00f6ren k\u00f6nnen Sie das Konzert hier: <a href=\"https:\/\/singkreisthal.hobbyseiten.at\/fruehlingskonzert-2013\/\">Fr\u00fchlingskonzert 2013<\/a><\/p>\n<p><a href=\"https:\/\/singkreisthal.hobbyseiten.at\/wp-content\/uploads\/016.jpg\"><img loading=\"lazy\" decoding=\"async\" src=\"https:\/\/singkreisthal.hobbyseiten.at\/wp-content\/uploads\/016.jpg\" alt=\"016\" width=\"800\" height=\"463\" \/><\/a> <a href=\"https:\/\/singkreisthal.hobbyseiten.at\/wp-content\/uploads\/015.jpg\"><img loading=\"lazy\" decoding=\"async\" src=\"https:\/\/singkreisthal.hobbyseiten.at\/wp-content\/uploads\/015.jpg\" alt=\"015\" width=\"512\" height=\"768\" \/><\/a> <a href=\"https:\/\/singkreisthal.hobbyseiten.at\/wp-content\/uploads\/014.jpg\"><img loading=\"lazy\" decoding=\"async\" src=\"https:\/\/singkreisthal.hobbyseiten.at\/wp-content\/uploads\/014.jpg\" alt=\"014\" width=\"512\" height=\"768\" \/><\/a> <a href=\"https:\/\/singkreisthal.hobbyseiten.at\/wp-content\/uploads\/013.jpg\"><img loading=\"lazy\" decoding=\"async\" src=\"https:\/\/singkreisthal.hobbyseiten.at\/wp-content\/uploads\/013.jpg\" alt=\"013\" width=\"800\" height=\"528\" \/><\/a> <a href=\"https:\/\/singkreisthal.hobbyseiten.at\/wp-content\/uploads\/012.jpg\"><img decoding=\"async\" src=\"https:\/\/singkreisthal.hobbyseiten.at\/wp-content\/uploads\/012.jpg\" alt=\"012\" width=\"800\" height=\"533,6\" \/><\/a> <a href=\"https:\/\/singkreisthal.hobbyseiten.at\/wp-content\/uploads\/011.jpg\"><img decoding=\"async\" src=\"https:\/\/singkreisthal.hobbyseiten.at\/wp-content\/uploads\/011.jpg\" alt=\"011\" width=\"800\" height=\"533,6\" \/><\/a> <a href=\"https:\/\/singkreisthal.hobbyseiten.at\/wp-content\/uploads\/010.jpg\"><img loading=\"lazy\" decoding=\"async\" src=\"https:\/\/singkreisthal.hobbyseiten.at\/wp-content\/uploads\/010.jpg\" alt=\"010\" width=\"800\" height=\"552\" \/><\/a> <a href=\"https:\/\/singkreisthal.hobbyseiten.at\/wp-content\/uploads\/009.jpg\"><img loading=\"lazy\" decoding=\"async\" src=\"https:\/\/singkreisthal.hobbyseiten.at\/wp-content\/uploads\/009.jpg\" alt=\"009\" width=\"800\" height=\"534\" \/><\/a> <a href=\"https:\/\/singkreisthal.hobbyseiten.at\/wp-content\/uploads\/008.jpg\"><img loading=\"lazy\" decoding=\"async\" src=\"https:\/\/singkreisthal.hobbyseiten.at\/wp-content\/uploads\/008.jpg\" alt=\"008\" width=\"800\" height=\"534\" \/><\/a> <a href=\"https:\/\/singkreisthal.hobbyseiten.at\/wp-content\/uploads\/007.jpg\"><img loading=\"lazy\" decoding=\"async\" src=\"https:\/\/singkreisthal.hobbyseiten.at\/wp-content\/uploads\/007.jpg\" alt=\"007\" width=\"800\" height=\"672\" \/><\/a> <a href=\"https:\/\/singkreisthal.hobbyseiten.at\/wp-content\/uploads\/006.jpg\"><img loading=\"lazy\" decoding=\"async\" src=\"https:\/\/singkreisthal.hobbyseiten.at\/wp-content\/uploads\/006.jpg\" alt=\"006\" width=\"800\" height=\"560\" \/><\/a> <a href=\"https:\/\/singkreisthal.hobbyseiten.at\/wp-content\/uploads\/005.jpg\"><img loading=\"lazy\" decoding=\"async\" src=\"https:\/\/singkreisthal.hobbyseiten.at\/wp-content\/uploads\/005.jpg\" alt=\"005\" width=\"800\" height=\"534\" \/><\/a> <a href=\"https:\/\/singkreisthal.hobbyseiten.at\/wp-content\/uploads\/004.jpg\"><img loading=\"lazy\" decoding=\"async\" src=\"https:\/\/singkreisthal.hobbyseiten.at\/wp-content\/uploads\/004.jpg\" alt=\"004\" width=\"512\" height=\"768\" \/><\/a> <a href=\"https:\/\/singkreisthal.hobbyseiten.at\/wp-content\/uploads\/003.jpg\"><img loading=\"lazy\" decoding=\"async\" src=\"https:\/\/singkreisthal.hobbyseiten.at\/wp-content\/uploads\/003.jpg\" alt=\"003\" width=\"800\" height=\"534\" \/><\/a> <a href=\"https:\/\/singkreisthal.hobbyseiten.at\/wp-content\/uploads\/002.jpg\"><img loading=\"lazy\" decoding=\"async\" src=\"https:\/\/singkreisthal.hobbyseiten.at\/wp-content\/uploads\/002.jpg\" alt=\"002\" width=\"800\" height=\"534\" \/><\/a> <a href=\"https:\/\/singkreisthal.hobbyseiten.at\/wp-content\/uploads\/001.jpg\"><img loading=\"lazy\" decoding=\"async\" src=\"https:\/\/singkreisthal.hobbyseiten.at\/wp-content\/uploads\/001.jpg\" alt=\"001\" width=\"800\" height=\"534\" \/><\/a><\/p>\n<p>&nbsp;<\/p>\n<p><a href=\"https:\/\/singkreisthal.hobbyseiten.at\/wp-content\/uploads\/Plakat-2013-korrigiert.jpg\"><img loading=\"lazy\" decoding=\"async\" src=\"https:\/\/singkreisthal.hobbyseiten.at\/wp-content\/uploads\/Plakat-2013-korrigiert.jpg\" alt=\"Plakat 2013 korrigiert\" width=\"725\" height=\"1024\" \/><\/a><\/p>\n<p>&#8212;&#8212;&#8212;&#8212;&#8212;&#8212;&#8212;&#8212;&#8212;&#8212;&#8212;&#8212;&#8212;&#8212;&#8212;&#8212;&#8212;&#8212;&#8212;&#8212;&#8212;&#8212;&#8212;&#8212;&#8212;&#8212;&#8212;&#8212;&#8212;&#8212;&#8212;&#8212;&#8212;&#8212;-<a href=\"https:\/\/singkreisthal.hobbyseiten.at\/wp-content\/uploads\/Fritz-Andenken-2.jpg\"><img loading=\"lazy\" decoding=\"async\" src=\"https:\/\/singkreisthal.hobbyseiten.at\/wp-content\/uploads\/Fritz1.jpg\" alt=\"Fritz\" width=\"800\" height=\"217\" \/><\/a><\/p>\n<p>&#8212;&#8212;&#8212;&#8212;&#8212;&#8212;&#8212;&#8212;&#8212;&#8212;&#8212;&#8212;&#8212;&#8212;&#8212;&#8212;&#8212;&#8212;&#8212;&#8212;&#8212;&#8212;&#8212;&#8212;&#8212;&#8212;&#8212;&#8212;&#8212;&#8212;&#8212;&#8212;&#8212;&#8212;-<\/p>\n<p>Zum Muttertag hat Flora einige Lieder aufgenommen: <a href=\"https:\/\/singkreisthal.hobbyseiten.at\/zum-muttertag\/\">&#8222;Klick&#8220;<\/a><\/p>\n<p>&#8212;&#8212;&#8212;&#8212;&#8212;&#8212;&#8212;&#8212;&#8212;&#8212;&#8212;&#8212;&#8212;&#8212;&#8212;&#8212;&#8212;&#8212;&#8212;&#8212;&#8212;&#8212;&#8212;&#8212;&#8212;&#8212;&#8212;&#8212;&#8212;&#8212;&#8212;&#8212;&#8212;&#8212;-<\/p>\n","protected":false},"excerpt":{"rendered":"<p>Am 15. April 2015 traten S\u00e4ngerinnen und S\u00e4nger des Singkreises im Haus der Barmherzigkeit in Graz auf. &#8222;K\u00fcnstler f\u00fcr Kranke&#8220; Vom 18. bis zum 19. April nahmen 7 Mitglieder des Singkreises an den Mariazeller Singtagen teil. Ca. 100 Chors\u00e4ngerInnen erlebten &hellip; <a href=\"https:\/\/singkreisthal.hobbyseiten.at\/home\/aktuelles\/\">Weiterlesen <span class=\"meta-nav\">&rarr;<\/span><\/a><\/p>\n","protected":false},"author":10,"featured_media":0,"parent":0,"menu_order":0,"comment_status":"open","ping_status":"closed","template":"","meta":{"footnotes":""},"class_list":["post-3751","page","type-page","status-publish","hentry"],"_links":{"self":[{"href":"https:\/\/singkreisthal.hobbyseiten.at\/home\/wp-json\/wp\/v2\/pages\/3751","targetHints":{"allow":["GET"]}}],"collection":[{"href":"https:\/\/singkreisthal.hobbyseiten.at\/home\/wp-json\/wp\/v2\/pages"}],"about":[{"href":"https:\/\/singkreisthal.hobbyseiten.at\/home\/wp-json\/wp\/v2\/types\/page"}],"author":[{"embeddable":true,"href":"https:\/\/singkreisthal.hobbyseiten.at\/home\/wp-json\/wp\/v2\/users\/10"}],"replies":[{"embeddable":true,"href":"https:\/\/singkreisthal.hobbyseiten.at\/home\/wp-json\/wp\/v2\/comments?post=3751"}],"version-history":[{"count":26,"href":"https:\/\/singkreisthal.hobbyseiten.at\/home\/wp-json\/wp\/v2\/pages\/3751\/revisions"}],"predecessor-version":[{"id":5351,"href":"https:\/\/singkreisthal.hobbyseiten.at\/home\/wp-json\/wp\/v2\/pages\/3751\/revisions\/5351"}],"wp:attachment":[{"href":"https:\/\/singkreisthal.hobbyseiten.at\/home\/wp-json\/wp\/v2\/media?parent=3751"}],"curies":[{"name":"wp","href":"https:\/\/api.w.org\/{rel}","templated":true}]}}