{"id":12,"date":"2012-09-26T23:18:55","date_gmt":"2012-09-26T22:18:55","guid":{"rendered":"http:\/\/www.hobbyseiten.at\/singkreisthal\/?page_id=12"},"modified":"2026-04-21T07:10:21","modified_gmt":"2026-04-21T06:10:21","slug":"home","status":"publish","type":"page","link":"https:\/\/singkreisthal.hobbyseiten.at\/home\/","title":{"rendered":"Home"},"content":{"rendered":"\n<figure class=\"wp-block-image size-full\"><img loading=\"lazy\" decoding=\"async\" width=\"713\" height=\"1005\" src=\"https:\/\/singkreisthal.hobbyseiten.at\/wp-content\/uploads\/WhatsApp-Image-2026-04-21-at-08.08.01.jpeg\" alt=\"\" class=\"wp-image-6311\" srcset=\"https:\/\/singkreisthal.hobbyseiten.at\/wp-content\/uploads\/WhatsApp-Image-2026-04-21-at-08.08.01.jpeg 713w, https:\/\/singkreisthal.hobbyseiten.at\/wp-content\/uploads\/WhatsApp-Image-2026-04-21-at-08.08.01-213x300.jpeg 213w, https:\/\/singkreisthal.hobbyseiten.at\/wp-content\/uploads\/WhatsApp-Image-2026-04-21-at-08.08.01-106x150.jpeg 106w\" sizes=\"auto, (max-width: 713px) 100vw, 713px\" \/><\/figure>\n\n\n\n<p>Wir sind eine sangesfreudige Runde von Thalerinnen und Thalern (und einigen S\u00e4ngerInnen aus Nachbargemeinden) Die Chorleitung hat Frau Chia-Wen Hsieh \u00fcber, die den Singkreis Thal seit 2009 leitet.<\/p>\n\n\n\n<p>Neue S\u00e4ngerinnen und S\u00e4nger sind gerne willkommen!<\/p>\n\n\n\n<p>Wir proben jeden Freitag von 17:00 -19:30 (oder l\u00e4nger \ud83d\ude42 ) im <a href=\"https:\/\/maps.google.at\/maps?ie=UTF8&amp;cid=4984971988945985788&amp;q=Pfarramt+Thal-St.+Jakob&amp;iwloc=A&amp;gl=AT&amp;hl=de\" target=\"_blank\" rel=\"noreferrer noopener\">Pfarrsaal Thal<\/a><br>(Kirchberg 1, 8051 Thal bei Graz). Wir freuen uns immer \u00fcber neue Mitglieder! Interessierte k\u00f6nnen gerne einmal zu einer Probe &#8222;schnuppern&#8220; kommen.<\/p>\n\n\n\n<p>Und ganz besonders freuen wir uns auch \u00fcber alle, die unsere Konzerte besuchen!<\/p>\n\n\n\n<p>Der Singkreis Thal im Advent 2024:<\/p>\n\n\n\n<p>1.12.24 Adventkonzert Kirche Thal&nbsp;<br><\/p>\n\n\n\n<figure class=\"wp-block-image size-large\"><img loading=\"lazy\" decoding=\"async\" width=\"1024\" height=\"768\" src=\"https:\/\/singkreisthal.hobbyseiten.at\/wp-content\/uploads\/grafik-1024x768.png\" alt=\"\" class=\"wp-image-6272\" srcset=\"https:\/\/singkreisthal.hobbyseiten.at\/wp-content\/uploads\/grafik-1024x768.png 1024w, https:\/\/singkreisthal.hobbyseiten.at\/wp-content\/uploads\/grafik-300x225.png 300w, https:\/\/singkreisthal.hobbyseiten.at\/wp-content\/uploads\/grafik-150x113.png 150w, https:\/\/singkreisthal.hobbyseiten.at\/wp-content\/uploads\/grafik-768x576.png 768w, https:\/\/singkreisthal.hobbyseiten.at\/wp-content\/uploads\/grafik-1536x1152.png 1536w, https:\/\/singkreisthal.hobbyseiten.at\/wp-content\/uploads\/grafik.png 2000w\" sizes=\"auto, (max-width: 1024px) 100vw, 1024px\" \/><\/figure>\n\n\n\n<figure class=\"wp-block-image size-large\"><img loading=\"lazy\" decoding=\"async\" width=\"768\" height=\"1024\" src=\"https:\/\/singkreisthal.hobbyseiten.at\/wp-content\/uploads\/IMG-20250205-WA0005-768x1024.jpg\" alt=\"\" class=\"wp-image-6273\" srcset=\"https:\/\/singkreisthal.hobbyseiten.at\/wp-content\/uploads\/IMG-20250205-WA0005-768x1024.jpg 768w, https:\/\/singkreisthal.hobbyseiten.at\/wp-content\/uploads\/IMG-20250205-WA0005-225x300.jpg 225w, https:\/\/singkreisthal.hobbyseiten.at\/wp-content\/uploads\/IMG-20250205-WA0005-113x150.jpg 113w, https:\/\/singkreisthal.hobbyseiten.at\/wp-content\/uploads\/IMG-20250205-WA0005-1152x1536.jpg 1152w, https:\/\/singkreisthal.hobbyseiten.at\/wp-content\/uploads\/IMG-20250205-WA0005.jpg 1500w\" sizes=\"auto, (max-width: 768px) 100vw, 768px\" \/><\/figure>\n\n\n\n<p>6.12.24 Gepflegt wohnen &#8211; Seniorenheim Thal.&nbsp; Musikalische Begleitung der Nikolausfeier mit Diakon Mag. Bernhard Pletz<\/p>\n\n\n\n<figure class=\"wp-block-image size-large\"><img loading=\"lazy\" decoding=\"async\" width=\"1024\" height=\"592\" src=\"https:\/\/singkreisthal.hobbyseiten.at\/wp-content\/uploads\/IMG-20241206-WA0014-1024x592.jpg\" alt=\"\" class=\"wp-image-6274\" srcset=\"https:\/\/singkreisthal.hobbyseiten.at\/wp-content\/uploads\/IMG-20241206-WA0014-1024x592.jpg 1024w, https:\/\/singkreisthal.hobbyseiten.at\/wp-content\/uploads\/IMG-20241206-WA0014-300x173.jpg 300w, https:\/\/singkreisthal.hobbyseiten.at\/wp-content\/uploads\/IMG-20241206-WA0014-150x87.jpg 150w, https:\/\/singkreisthal.hobbyseiten.at\/wp-content\/uploads\/IMG-20241206-WA0014-768x444.jpg 768w, https:\/\/singkreisthal.hobbyseiten.at\/wp-content\/uploads\/IMG-20241206-WA0014-1536x888.jpg 1536w, https:\/\/singkreisthal.hobbyseiten.at\/wp-content\/uploads\/IMG-20241206-WA0014.jpg 1889w\" sizes=\"auto, (max-width: 1024px) 100vw, 1024px\" \/><\/figure>\n\n\n<div class=\"wp-block-image\">\n<figure class=\"aligncenter size-large\"><img loading=\"lazy\" decoding=\"async\" width=\"485\" height=\"1024\" src=\"https:\/\/singkreisthal.hobbyseiten.at\/wp-content\/uploads\/IMG-20241206-WA0016-485x1024.jpg\" alt=\"\" class=\"wp-image-6275\" srcset=\"https:\/\/singkreisthal.hobbyseiten.at\/wp-content\/uploads\/IMG-20241206-WA0016-485x1024.jpg 485w, https:\/\/singkreisthal.hobbyseiten.at\/wp-content\/uploads\/IMG-20241206-WA0016-142x300.jpg 142w, https:\/\/singkreisthal.hobbyseiten.at\/wp-content\/uploads\/IMG-20241206-WA0016-71x150.jpg 71w, https:\/\/singkreisthal.hobbyseiten.at\/wp-content\/uploads\/IMG-20241206-WA0016-768x1623.jpg 768w, https:\/\/singkreisthal.hobbyseiten.at\/wp-content\/uploads\/IMG-20241206-WA0016-727x1536.jpg 727w, https:\/\/singkreisthal.hobbyseiten.at\/wp-content\/uploads\/IMG-20241206-WA0016.jpg 954w\" sizes=\"auto, (max-width: 485px) 100vw, 485px\" \/><\/figure>\n<\/div>\n\n\n<p>8.12.24 Adventgarten beim Kreuzwirt &#8211; Adventliches Singen<\/p>\n\n\n\n<p><\/p>\n\n\n\n<figure class=\"wp-block-image size-large\"><img loading=\"lazy\" decoding=\"async\" width=\"1024\" height=\"461\" src=\"https:\/\/singkreisthal.hobbyseiten.at\/wp-content\/uploads\/IMG-20241208-WA0005-1024x461.jpg\" alt=\"\" class=\"wp-image-6276\" srcset=\"https:\/\/singkreisthal.hobbyseiten.at\/wp-content\/uploads\/IMG-20241208-WA0005-1024x461.jpg 1024w, https:\/\/singkreisthal.hobbyseiten.at\/wp-content\/uploads\/IMG-20241208-WA0005-300x135.jpg 300w, https:\/\/singkreisthal.hobbyseiten.at\/wp-content\/uploads\/IMG-20241208-WA0005-150x68.jpg 150w, https:\/\/singkreisthal.hobbyseiten.at\/wp-content\/uploads\/IMG-20241208-WA0005-768x346.jpg 768w, https:\/\/singkreisthal.hobbyseiten.at\/wp-content\/uploads\/IMG-20241208-WA0005-1536x691.jpg 1536w, https:\/\/singkreisthal.hobbyseiten.at\/wp-content\/uploads\/IMG-20241208-WA0005.jpg 2000w\" sizes=\"auto, (max-width: 1024px) 100vw, 1024px\" \/><\/figure>\n\n\n<div class=\"wp-block-image\">\n<figure class=\"aligncenter size-large\"><img loading=\"lazy\" decoding=\"async\" width=\"461\" height=\"1024\" src=\"https:\/\/singkreisthal.hobbyseiten.at\/wp-content\/uploads\/IMG-20241208-WA0006-461x1024.jpg\" alt=\"\" class=\"wp-image-6277\" srcset=\"https:\/\/singkreisthal.hobbyseiten.at\/wp-content\/uploads\/IMG-20241208-WA0006-461x1024.jpg 461w, https:\/\/singkreisthal.hobbyseiten.at\/wp-content\/uploads\/IMG-20241208-WA0006-135x300.jpg 135w, https:\/\/singkreisthal.hobbyseiten.at\/wp-content\/uploads\/IMG-20241208-WA0006-68x150.jpg 68w, https:\/\/singkreisthal.hobbyseiten.at\/wp-content\/uploads\/IMG-20241208-WA0006-768x1707.jpg 768w, https:\/\/singkreisthal.hobbyseiten.at\/wp-content\/uploads\/IMG-20241208-WA0006-691x1536.jpg 691w, https:\/\/singkreisthal.hobbyseiten.at\/wp-content\/uploads\/IMG-20241208-WA0006.jpg 900w\" sizes=\"auto, (max-width: 461px) 100vw, 461px\" \/><\/figure>\n<\/div>\n\n\n<figure class=\"wp-block-image size-large\"><img loading=\"lazy\" decoding=\"async\" width=\"768\" height=\"1024\" src=\"https:\/\/singkreisthal.hobbyseiten.at\/wp-content\/uploads\/IMG-20241209-WA0000-768x1024.jpg\" alt=\"\" class=\"wp-image-6278\" srcset=\"https:\/\/singkreisthal.hobbyseiten.at\/wp-content\/uploads\/IMG-20241209-WA0000-768x1024.jpg 768w, https:\/\/singkreisthal.hobbyseiten.at\/wp-content\/uploads\/IMG-20241209-WA0000-225x300.jpg 225w, https:\/\/singkreisthal.hobbyseiten.at\/wp-content\/uploads\/IMG-20241209-WA0000-113x150.jpg 113w, https:\/\/singkreisthal.hobbyseiten.at\/wp-content\/uploads\/IMG-20241209-WA0000-1152x1536.jpg 1152w, https:\/\/singkreisthal.hobbyseiten.at\/wp-content\/uploads\/IMG-20241209-WA0000.jpg 1200w\" sizes=\"auto, (max-width: 768px) 100vw, 768px\" \/><\/figure>\n\n\n\n<p>15.12.24 Christkindlmarkt Thal<\/p>\n\n\n\n<p>22.12.24 Adcura Seniorenheim, Graz. Weihnachtsliedersingen<\/p>\n\n\n\n<figure class=\"wp-block-image size-large\"><img loading=\"lazy\" decoding=\"async\" width=\"1024\" height=\"768\" src=\"https:\/\/singkreisthal.hobbyseiten.at\/wp-content\/uploads\/IMG-20250108-WA0005-1024x768.jpg\" alt=\"\" class=\"wp-image-6279\" srcset=\"https:\/\/singkreisthal.hobbyseiten.at\/wp-content\/uploads\/IMG-20250108-WA0005-1024x768.jpg 1024w, https:\/\/singkreisthal.hobbyseiten.at\/wp-content\/uploads\/IMG-20250108-WA0005-300x225.jpg 300w, https:\/\/singkreisthal.hobbyseiten.at\/wp-content\/uploads\/IMG-20250108-WA0005-150x113.jpg 150w, https:\/\/singkreisthal.hobbyseiten.at\/wp-content\/uploads\/IMG-20250108-WA0005-768x576.jpg 768w, https:\/\/singkreisthal.hobbyseiten.at\/wp-content\/uploads\/IMG-20250108-WA0005-1536x1152.jpg 1536w, https:\/\/singkreisthal.hobbyseiten.at\/wp-content\/uploads\/IMG-20250108-WA0005.jpg 1600w\" sizes=\"auto, (max-width: 1024px) 100vw, 1024px\" \/><\/figure>\n\n\n\n<figure class=\"wp-block-image size-large\"><img loading=\"lazy\" decoding=\"async\" width=\"1024\" height=\"768\" src=\"https:\/\/singkreisthal.hobbyseiten.at\/wp-content\/uploads\/IMG-20250108-WA0006-1024x768.jpg\" alt=\"\" class=\"wp-image-6280\" srcset=\"https:\/\/singkreisthal.hobbyseiten.at\/wp-content\/uploads\/IMG-20250108-WA0006-1024x768.jpg 1024w, https:\/\/singkreisthal.hobbyseiten.at\/wp-content\/uploads\/IMG-20250108-WA0006-300x225.jpg 300w, https:\/\/singkreisthal.hobbyseiten.at\/wp-content\/uploads\/IMG-20250108-WA0006-150x113.jpg 150w, https:\/\/singkreisthal.hobbyseiten.at\/wp-content\/uploads\/IMG-20250108-WA0006-768x576.jpg 768w, https:\/\/singkreisthal.hobbyseiten.at\/wp-content\/uploads\/IMG-20250108-WA0006-1536x1152.jpg 1536w, https:\/\/singkreisthal.hobbyseiten.at\/wp-content\/uploads\/IMG-20250108-WA0006.jpg 1600w\" sizes=\"auto, (max-width: 1024px) 100vw, 1024px\" \/><\/figure>\n\n\n\n<figure class=\"wp-block-image size-large\"><img loading=\"lazy\" decoding=\"async\" width=\"1024\" height=\"768\" src=\"https:\/\/singkreisthal.hobbyseiten.at\/wp-content\/uploads\/IMG-20250108-WA0007-1024x768.jpg\" alt=\"\" class=\"wp-image-6281\" srcset=\"https:\/\/singkreisthal.hobbyseiten.at\/wp-content\/uploads\/IMG-20250108-WA0007-1024x768.jpg 1024w, https:\/\/singkreisthal.hobbyseiten.at\/wp-content\/uploads\/IMG-20250108-WA0007-300x225.jpg 300w, https:\/\/singkreisthal.hobbyseiten.at\/wp-content\/uploads\/IMG-20250108-WA0007-150x113.jpg 150w, https:\/\/singkreisthal.hobbyseiten.at\/wp-content\/uploads\/IMG-20250108-WA0007-768x576.jpg 768w, https:\/\/singkreisthal.hobbyseiten.at\/wp-content\/uploads\/IMG-20250108-WA0007-1536x1152.jpg 1536w, https:\/\/singkreisthal.hobbyseiten.at\/wp-content\/uploads\/IMG-20250108-WA0007.jpg 1600w\" sizes=\"auto, (max-width: 1024px) 100vw, 1024px\" \/><\/figure>\n\n\n\n<figure class=\"wp-block-image size-large\"><img loading=\"lazy\" decoding=\"async\" width=\"768\" height=\"1024\" src=\"https:\/\/singkreisthal.hobbyseiten.at\/wp-content\/uploads\/IMG-20250108-WA0008-768x1024.jpg\" alt=\"\" class=\"wp-image-6282\" srcset=\"https:\/\/singkreisthal.hobbyseiten.at\/wp-content\/uploads\/IMG-20250108-WA0008-768x1024.jpg 768w, https:\/\/singkreisthal.hobbyseiten.at\/wp-content\/uploads\/IMG-20250108-WA0008-225x300.jpg 225w, https:\/\/singkreisthal.hobbyseiten.at\/wp-content\/uploads\/IMG-20250108-WA0008-113x150.jpg 113w, https:\/\/singkreisthal.hobbyseiten.at\/wp-content\/uploads\/IMG-20250108-WA0008-1152x1536.jpg 1152w, https:\/\/singkreisthal.hobbyseiten.at\/wp-content\/uploads\/IMG-20250108-WA0008.jpg 1200w\" sizes=\"auto, (max-width: 768px) 100vw, 768px\" \/><\/figure>\n\n\n\n<p><\/p>\n\n\n\n<p>Der Singkreis Thal bei der Erntedankmesse 2024:<\/p>\n\n\n\n<figure class=\"wp-block-image size-large\"><img loading=\"lazy\" decoding=\"async\" width=\"1024\" height=\"768\" src=\"https:\/\/singkreisthal.hobbyseiten.at\/wp-content\/uploads\/Erntedank2024-1024x768.jpg\" alt=\"\" class=\"wp-image-6267\" srcset=\"https:\/\/singkreisthal.hobbyseiten.at\/wp-content\/uploads\/Erntedank2024-1024x768.jpg 1024w, https:\/\/singkreisthal.hobbyseiten.at\/wp-content\/uploads\/Erntedank2024-300x225.jpg 300w, https:\/\/singkreisthal.hobbyseiten.at\/wp-content\/uploads\/Erntedank2024-150x113.jpg 150w, https:\/\/singkreisthal.hobbyseiten.at\/wp-content\/uploads\/Erntedank2024-768x576.jpg 768w, https:\/\/singkreisthal.hobbyseiten.at\/wp-content\/uploads\/Erntedank2024-1536x1152.jpg 1536w, https:\/\/singkreisthal.hobbyseiten.at\/wp-content\/uploads\/Erntedank2024.jpg 1600w\" sizes=\"auto, (max-width: 1024px) 100vw, 1024px\" \/><\/figure>\n\n\n\n<p>Die Thaler Vereine haben dem scheidenden Pfarrer Niederer Abschiedsgeschenke \u00fcbergeben. Chia-Wen vom Singkreis ist auch dabei:<\/p>\n\n\n\n<figure class=\"wp-block-image size-large\"><img loading=\"lazy\" decoding=\"async\" width=\"892\" height=\"1024\" src=\"https:\/\/singkreisthal.hobbyseiten.at\/wp-content\/uploads\/FestKarl-892x1024.jpg\" alt=\"\" class=\"wp-image-6265\" srcset=\"https:\/\/singkreisthal.hobbyseiten.at\/wp-content\/uploads\/FestKarl-892x1024.jpg 892w, https:\/\/singkreisthal.hobbyseiten.at\/wp-content\/uploads\/FestKarl-261x300.jpg 261w, https:\/\/singkreisthal.hobbyseiten.at\/wp-content\/uploads\/FestKarl-131x150.jpg 131w, https:\/\/singkreisthal.hobbyseiten.at\/wp-content\/uploads\/FestKarl-768x881.jpg 768w, https:\/\/singkreisthal.hobbyseiten.at\/wp-content\/uploads\/FestKarl.jpg 900w\" sizes=\"auto, (max-width: 892px) 100vw, 892px\" \/><\/figure>\n\n\n\n<figure class=\"wp-block-image size-large\"><img loading=\"lazy\" decoding=\"async\" width=\"1024\" height=\"425\" src=\"https:\/\/singkreisthal.hobbyseiten.at\/wp-content\/uploads\/Fruehlingskonzert-2023-1024x425.png\" alt=\"\" class=\"wp-image-6164\" srcset=\"https:\/\/singkreisthal.hobbyseiten.at\/wp-content\/uploads\/Fruehlingskonzert-2023-1024x425.png 1024w, https:\/\/singkreisthal.hobbyseiten.at\/wp-content\/uploads\/Fruehlingskonzert-2023-300x125.png 300w, https:\/\/singkreisthal.hobbyseiten.at\/wp-content\/uploads\/Fruehlingskonzert-2023-150x62.png 150w, https:\/\/singkreisthal.hobbyseiten.at\/wp-content\/uploads\/Fruehlingskonzert-2023-768x319.png 768w, https:\/\/singkreisthal.hobbyseiten.at\/wp-content\/uploads\/Fruehlingskonzert-2023-1536x638.png 1536w, https:\/\/singkreisthal.hobbyseiten.at\/wp-content\/uploads\/Fruehlingskonzert-2023.png 1767w\" sizes=\"auto, (max-width: 1024px) 100vw, 1024px\" \/><\/figure>\n\n\n\n<p><a href=\"https:\/\/singkreisthal.hobbyseiten.at\/home\/singkreis-thal-news-im-fruehling-2024\/\">Singkreis Thal &#8211; News im Fr\u00fchling 2024 (Bitte anklicken!)<\/a><\/p>\n\n\n\n<p><\/p>\n\n\n\n<figure class=\"wp-block-image size-full\"><img loading=\"lazy\" decoding=\"async\" width=\"567\" height=\"802\" src=\"https:\/\/singkreisthal.hobbyseiten.at\/wp-content\/uploads\/2024-05-18-08_26_17-Plakat_FK-2024.pdf-Adobe-Acrobat-Reader-32-bit.jpg\" alt=\"\" class=\"wp-image-6236\" srcset=\"https:\/\/singkreisthal.hobbyseiten.at\/wp-content\/uploads\/2024-05-18-08_26_17-Plakat_FK-2024.pdf-Adobe-Acrobat-Reader-32-bit.jpg 567w, https:\/\/singkreisthal.hobbyseiten.at\/wp-content\/uploads\/2024-05-18-08_26_17-Plakat_FK-2024.pdf-Adobe-Acrobat-Reader-32-bit-212x300.jpg 212w, https:\/\/singkreisthal.hobbyseiten.at\/wp-content\/uploads\/2024-05-18-08_26_17-Plakat_FK-2024.pdf-Adobe-Acrobat-Reader-32-bit-106x150.jpg 106w\" sizes=\"auto, (max-width: 567px) 100vw, 567px\" \/><\/figure>\n\n\n\n<p><br>Hier das Programm: &gt;&gt; <a href=\"https:\/\/singkreisthal.hobbyseiten.at\/home\/fruehlingskonzert-2024-programm\/\">Klick <\/a>&lt;&lt;<\/p>\n\n\n\n<p class=\"has-text-align-center\"><\/p>\n\n\n\n<figure class=\"wp-block-image size-full\"><img loading=\"lazy\" decoding=\"async\" width=\"685\" height=\"978\" src=\"https:\/\/singkreisthal.hobbyseiten.at\/wp-content\/uploads\/Adventkonzert-2023.jpg\" alt=\"\" class=\"wp-image-6205\" srcset=\"https:\/\/singkreisthal.hobbyseiten.at\/wp-content\/uploads\/Adventkonzert-2023.jpg 685w, https:\/\/singkreisthal.hobbyseiten.at\/wp-content\/uploads\/Adventkonzert-2023-210x300.jpg 210w, https:\/\/singkreisthal.hobbyseiten.at\/wp-content\/uploads\/Adventkonzert-2023-105x150.jpg 105w\" sizes=\"auto, (max-width: 685px) 100vw, 685px\" \/><\/figure>\n\n\n\n<figure class=\"wp-block-image size-large\"><img loading=\"lazy\" decoding=\"async\" width=\"724\" height=\"1024\" src=\"https:\/\/singkreisthal.hobbyseiten.at\/wp-content\/uploads\/Plakat-Es-lebe-die-Liebe_FK_2023-0001-724x1024.png\" alt=\"\" class=\"wp-image-6160\" srcset=\"https:\/\/singkreisthal.hobbyseiten.at\/wp-content\/uploads\/Plakat-Es-lebe-die-Liebe_FK_2023-0001-724x1024.png 724w, https:\/\/singkreisthal.hobbyseiten.at\/wp-content\/uploads\/Plakat-Es-lebe-die-Liebe_FK_2023-0001-212x300.png 212w, https:\/\/singkreisthal.hobbyseiten.at\/wp-content\/uploads\/Plakat-Es-lebe-die-Liebe_FK_2023-0001-106x150.png 106w, https:\/\/singkreisthal.hobbyseiten.at\/wp-content\/uploads\/Plakat-Es-lebe-die-Liebe_FK_2023-0001-768x1087.png 768w, https:\/\/singkreisthal.hobbyseiten.at\/wp-content\/uploads\/Plakat-Es-lebe-die-Liebe_FK_2023-0001.png 793w\" sizes=\"auto, (max-width: 724px) 100vw, 724px\" \/><\/figure>\n\n\n<p style=\"text-align: center;\"><a href=\"https:\/\/singkreisthal.hobbyseiten.at\/adventkonzert-2022\/\"><strong>Tonaufzeichnung vom Adventkonzert am 28.11.2022 in der Pfarrkirche Thal<\/strong><\/a><a href=\"https:\/\/singkreisthal.hobbyseiten.at\/wp-content\/uploads\/PHOTO-2022-09-25-13-15-23.jpg\"><img loading=\"lazy\" decoding=\"async\" class=\"aligncenter size-full wp-image-6100\" src=\"https:\/\/singkreisthal.hobbyseiten.at\/wp-content\/uploads\/PHOTO-2022-09-25-13-15-23.jpg\" alt=\"\" width=\"2016\" height=\"1512\" srcset=\"https:\/\/singkreisthal.hobbyseiten.at\/wp-content\/uploads\/PHOTO-2022-09-25-13-15-23.jpg 2016w, https:\/\/singkreisthal.hobbyseiten.at\/wp-content\/uploads\/PHOTO-2022-09-25-13-15-23-300x225.jpg 300w, https:\/\/singkreisthal.hobbyseiten.at\/wp-content\/uploads\/PHOTO-2022-09-25-13-15-23-1024x768.jpg 1024w, https:\/\/singkreisthal.hobbyseiten.at\/wp-content\/uploads\/PHOTO-2022-09-25-13-15-23-150x113.jpg 150w, https:\/\/singkreisthal.hobbyseiten.at\/wp-content\/uploads\/PHOTO-2022-09-25-13-15-23-768x576.jpg 768w, https:\/\/singkreisthal.hobbyseiten.at\/wp-content\/uploads\/PHOTO-2022-09-25-13-15-23-1536x1152.jpg 1536w\" sizes=\"auto, (max-width: 2016px) 100vw, 2016px\" \/><\/a> <a href=\"https:\/\/singkreisthal.hobbyseiten.at\/wp-content\/uploads\/PHOTO-2022-09-25-13-15-33.jpg\"><img loading=\"lazy\" decoding=\"async\" class=\"aligncenter size-full wp-image-6101\" src=\"https:\/\/singkreisthal.hobbyseiten.at\/wp-content\/uploads\/PHOTO-2022-09-25-13-15-33.jpg\" alt=\"\" width=\"1536\" height=\"2048\" srcset=\"https:\/\/singkreisthal.hobbyseiten.at\/wp-content\/uploads\/PHOTO-2022-09-25-13-15-33.jpg 1536w, https:\/\/singkreisthal.hobbyseiten.at\/wp-content\/uploads\/PHOTO-2022-09-25-13-15-33-225x300.jpg 225w, https:\/\/singkreisthal.hobbyseiten.at\/wp-content\/uploads\/PHOTO-2022-09-25-13-15-33-768x1024.jpg 768w, https:\/\/singkreisthal.hobbyseiten.at\/wp-content\/uploads\/PHOTO-2022-09-25-13-15-33-113x150.jpg 113w, https:\/\/singkreisthal.hobbyseiten.at\/wp-content\/uploads\/PHOTO-2022-09-25-13-15-33-1152x1536.jpg 1152w\" sizes=\"auto, (max-width: 1536px) 100vw, 1536px\" \/><\/a><\/p>\n<p><a href=\"https:\/\/singkreisthal.hobbyseiten.at\/wp-content\/uploads\/06-2018.jpg\"><img loading=\"lazy\" decoding=\"async\" class=\"aligncenter size-full wp-image-5909\" src=\"https:\/\/singkreisthal.hobbyseiten.at\/wp-content\/uploads\/06-2018.jpg\" alt=\"\" width=\"3456\" height=\"2304\" srcset=\"https:\/\/singkreisthal.hobbyseiten.at\/wp-content\/uploads\/06-2018.jpg 3456w, https:\/\/singkreisthal.hobbyseiten.at\/wp-content\/uploads\/06-2018-150x100.jpg 150w, https:\/\/singkreisthal.hobbyseiten.at\/wp-content\/uploads\/06-2018-300x200.jpg 300w, https:\/\/singkreisthal.hobbyseiten.at\/wp-content\/uploads\/06-2018-768x512.jpg 768w, https:\/\/singkreisthal.hobbyseiten.at\/wp-content\/uploads\/06-2018-1024x683.jpg 1024w\" sizes=\"auto, (max-width: 3456px) 100vw, 3456px\" \/><\/a><\/p>\n<p style=\"text-align: center;\"><noscript>&amp;amp;amp;amp;amp;amp;amp;lt;a href=&#8220;http:\/\/www.wecount4u.com\/&#8220;&amp;amp;amp;amp;amp;amp;amp;gt;Counter&amp;amp;amp;amp;amp;amp;amp;lt;\/a&amp;amp;amp;amp;amp;amp;amp;gt;<\/noscript><\/p>\n<p><!--end COUNTERSEITE --><\/p>\n\n\n\n\n\n\n\n\n\n\n\n\n\n\n<figure class=\"wp-block-gallery has-nested-images columns-default is-cropped wp-block-gallery-1 is-layout-flex wp-block-gallery-is-layout-flex\"><\/figure>\n\n\n","protected":false},"excerpt":{"rendered":"<p>Wir sind eine sangesfreudige Runde von Thalerinnen und Thalern (und einigen S\u00e4ngerInnen aus Nachbargemeinden) Die Chorleitung hat Frau Chia-Wen Hsieh \u00fcber, die den Singkreis Thal seit 2009 leitet. Neue S\u00e4ngerinnen und S\u00e4nger sind gerne willkommen! Wir proben jeden Freitag von &hellip; <a href=\"https:\/\/singkreisthal.hobbyseiten.at\/home\/\">Weiterlesen <span class=\"meta-nav\">&rarr;<\/span><\/a><\/p>\n","protected":false},"author":11,"featured_media":0,"parent":0,"menu_order":0,"comment_status":"closed","ping_status":"closed","template":"","meta":{"footnotes":""},"class_list":["post-12","page","type-page","status-publish","hentry"],"_links":{"self":[{"href":"https:\/\/singkreisthal.hobbyseiten.at\/home\/wp-json\/wp\/v2\/pages\/12","targetHints":{"allow":["GET"]}}],"collection":[{"href":"https:\/\/singkreisthal.hobbyseiten.at\/home\/wp-json\/wp\/v2\/pages"}],"about":[{"href":"https:\/\/singkreisthal.hobbyseiten.at\/home\/wp-json\/wp\/v2\/types\/page"}],"author":[{"embeddable":true,"href":"https:\/\/singkreisthal.hobbyseiten.at\/home\/wp-json\/wp\/v2\/users\/11"}],"replies":[{"embeddable":true,"href":"https:\/\/singkreisthal.hobbyseiten.at\/home\/wp-json\/wp\/v2\/comments?post=12"}],"version-history":[{"count":490,"href":"https:\/\/singkreisthal.hobbyseiten.at\/home\/wp-json\/wp\/v2\/pages\/12\/revisions"}],"predecessor-version":[{"id":6312,"href":"https:\/\/singkreisthal.hobbyseiten.at\/home\/wp-json\/wp\/v2\/pages\/12\/revisions\/6312"}],"wp:attachment":[{"href":"https:\/\/singkreisthal.hobbyseiten.at\/home\/wp-json\/wp\/v2\/media?parent=12"}],"curies":[{"name":"wp","href":"https:\/\/api.w.org\/{rel}","templated":true}]}}